{"id":1829,"date":"2024-10-16T20:52:02","date_gmt":"2024-10-16T20:52:02","guid":{"rendered":"https:\/\/industriosos.com\/?page_id=1829"},"modified":"2024-12-18T11:16:56","modified_gmt":"2024-12-18T11:16:56","slug":"que-se-debe-hacer-para-que-un-ferrocarril-llegue-a-su-destino","status":"publish","type":"page","link":"https:\/\/industriosos.com\/index.php\/que-se-debe-hacer-para-que-un-ferrocarril-llegue-a-su-destino\/","title":{"rendered":"\u00bfQu\u00e9 se debe hacer para que un ferrocarril llegue a su destino?"},"content":{"rendered":"<div class=\"wpb-content-wrapper\"><p>[vc_row][vc_column][vc_empty_space]<div id=\"ultimate-heading-214469f7674baa283\" class=\"uvc-heading ult-adjust-bottom-margin ultimate-heading-214469f7674baa283 uvc-4573 \" data-hspacer=\"line_only\"  data-halign=\"left\" style=\"text-align:left\"><div class=\"uvc-main-heading ult-responsive\"  data-ultimate-target='.uvc-heading.ultimate-heading-214469f7674baa283 h2'  data-responsive-json-new='{\"font-size\":\"desktop:30px;\",\"line-height\":\"\"}' ><h2 style=\"font-weight:bold;\">\u00bfQu\u00e9 se debe hacer para que un ferrocarril llegue a su destino?<\/h2><\/div><div class=\"uvc-heading-spacer line_only\" style=\"topheight:1px;\"><span class=\"uvc-headings-line\" style=\"border-style:solid;border-bottom-width:1px;border-color:#da7e2d;width:77px;\"><\/span><\/div><\/div>[\/vc_column][\/vc_row][vc_row][vc_column width=&#8221;1\/2&#8243;][vc_empty_space][vc_column_text]<\/p>\n<p style=\"text-align: justify;\">El ferrocarril de Honda naci\u00f3 a finales del siglo XIX, durante el auge de la industria del caf\u00e9, con el fin de conectar los dos puertos locales sobre el Magdalena: <em>Caracol\u00ed<\/em> y <em>Arrancaplumas<\/em>. Esta l\u00ednea se extendi\u00f3 tambi\u00e9n a otros municipios como <em>La Dorada<\/em> y <em>Mariquita<\/em> y desde all\u00ed hacia los puertos ubicados en las ciudades costeras. A partir de ese momento se convirti\u00f3 en un importante nodo de conexi\u00f3n de pasajeros y carga entre el norte, el sur y el centro del pa\u00eds.<\/p>\n<p style=\"text-align: left;\">Para que el ferrocarril operara, y los maquinistas, fogoneros, conductores y <em>brequeros<\/em> hicieran su trabajo de manera coordinada, se estableci\u00f3 un reglamento con las funciones que deb\u00edan cumplir y los elementos a tener en cuenta para evitar cualquier eventualidad. A continuaci\u00f3n, les mostramos algunas se\u00f1ales usadas por los empleados, a partir del reglamento para el <em>Ferrocarril de Girardot<\/em> en el a\u00f1o 1907.<\/p>\n<p>[\/vc_column_text][\/vc_column][vc_column width=&#8221;1\/2&#8243;][vc_empty_space][vc_raw_html]JTNDaWZyYW1lJTIwYWxsb3dmdWxsc2NyZWVuJTNEJTIyYWxsb3dmdWxsc2NyZWVuJTIyJTIwc2Nyb2xsaW5nJTNEJTIybm8lMjIlMjBjbGFzcyUzRCUyMmZwLWlmcmFtZSUyMiUyMHNyYyUzRCUyMmh0dHBzJTNBJTJGJTJGaGV5emluZS5jb20lMkZmbGlwLWJvb2slMkYzMmNjNGI0ZDk2Lmh0bWwlMjIlMjBzdHlsZSUzRCUyMmJvcmRlciUzQSUyMDFweCUyMHNvbGlkJTIwbGlnaHRncmF5JTNCJTIwd2lkdGglM0ElMjAxMDAlMjUlM0IlMjBoZWlnaHQlM0ElMjA0MDBweCUzQiUyMiUzRSUzQyUyRmlmcmFtZSUzRQ==[\/vc_raw_html][\/vc_column][\/vc_row][vc_row][vc_column width=&#8221;1\/3&#8243;][vc_empty_space][vc_gallery type=&#8221;image_grid&#8221; images=&#8221;1834&#8243; img_size=&#8221;400&#8243;][\/vc_column][vc_column width=&#8221;1\/3&#8243;][vc_empty_space][vc_gallery type=&#8221;image_grid&#8221; images=&#8221;1835&#8243; img_size=&#8221;400&#8243;][\/vc_column][vc_column width=&#8221;1\/3&#8243;][vc_empty_space][vc_gallery type=&#8221;image_grid&#8221; images=&#8221;1836&#8243; img_size=&#8221;400&#8243;][\/vc_column][\/vc_row][vc_row css=&#8221;.vc_custom_1729457539432{background-color: #ededed !important;}&#8221;][vc_column]<div class=\"aio-icon-component    style_1\"><div id=\"Info-box-wrap-5651\" class=\"aio-icon-box default-icon\" style=\"\"  ><div class=\"aio-icon-header\" ><h3 class=\"aio-icon-title ult-responsive\"  data-ultimate-target='#Info-box-wrap-5651 .aio-icon-title'  data-responsive-json-new='{\"font-size\":\"\",\"line-height\":\"\"}'  style=\"\">Bibliograf\u00eda<\/h3><\/div> <!-- header --><div class=\"aio-icon-description ult-responsive\"  data-ultimate-target='#Info-box-wrap-5651 .aio-icon-description'  data-responsive-json-new='{\"font-size\":\"\",\"line-height\":\"\"}'  style=\"\">Reglamentos para maquinistas, fogoneros, conductores y brequeros [recurso electro\u0301nico] \/ Ferrocarril de Girardot: https:\/\/catalogoenlinea.bibliotecanacional.gov.co\/client\/es_ES\/search\/asset\/63142<\/div> <!-- description --><\/div> <!-- aio-icon-box --><\/div> <!-- aio-icon-component -->[\/vc_column][\/vc_row][vc_row][vc_column][vc_empty_space][\/vc_column][\/vc_row]<\/p>\n<\/div>","protected":false},"excerpt":{"rendered":"<p>[vc_row][vc_column][vc_empty_space][\/vc_column][\/vc_row][vc_row][vc_column width=&#8221;1\/2&#8243;][vc_empty_space][vc_column_text] El ferrocarril de Honda naci\u00f3 a finales del siglo XIX, durante el auge de la industria del caf\u00e9, con el fin de conectar los dos puertos locales sobre el Magdalena: Caracol\u00ed y Arrancaplumas. Esta l\u00ednea se extendi\u00f3 tambi\u00e9n a otros municipios como La Dorada y Mariquita y desde all\u00ed hacia los puertos ubicados [&hellip;]<\/p>\n","protected":false},"author":2,"featured_media":0,"parent":0,"menu_order":0,"comment_status":"closed","ping_status":"closed","template":"","meta":{"om_disable_all_campaigns":false,"_monsterinsights_skip_tracking":false,"_monsterinsights_sitenote_active":false,"_monsterinsights_sitenote_note":"","_monsterinsights_sitenote_category":0,"site-sidebar-layout":"default","site-content-layout":"plain-container","ast-site-content-layout":"default","site-content-style":"default","site-sidebar-style":"default","ast-global-header-display":"","ast-banner-title-visibility":"","ast-main-header-display":"","ast-hfb-above-header-display":"","ast-hfb-below-header-display":"","ast-hfb-mobile-header-display":"","site-post-title":"disabled","ast-breadcrumbs-content":"","ast-featured-img":"disabled","footer-sml-layout":"","theme-transparent-header-meta":"default","adv-header-id-meta":"","stick-header-meta":"","header-above-stick-meta":"","header-main-stick-meta":"","header-below-stick-meta":"","astra-migrate-meta-layouts":"set","ast-page-background-enabled":"default","ast-page-background-meta":{"desktop":{"background-color":"","background-image":"","background-repeat":"repeat","background-position":"center center","background-size":"auto","background-attachment":"scroll","background-type":"","background-media":"","overlay-type":"","overlay-color":"","overlay-opacity":"","overlay-gradient":""},"tablet":{"background-color":"","background-image":"","background-repeat":"repeat","background-position":"center center","background-size":"auto","background-attachment":"scroll","background-type":"","background-media":"","overlay-type":"","overlay-color":"","overlay-opacity":"","overlay-gradient":""},"mobile":{"background-color":"","background-image":"","background-repeat":"repeat","background-position":"center center","background-size":"auto","background-attachment":"scroll","background-type":"","background-media":"","overlay-type":"","overlay-color":"","overlay-opacity":"","overlay-gradient":""}},"ast-content-background-meta":{"desktop":{"background-color":"var(--ast-global-color-5)","background-image":"","background-repeat":"repeat","background-position":"center center","background-size":"auto","background-attachment":"scroll","background-type":"","background-media":"","overlay-type":"","overlay-color":"","overlay-opacity":"","overlay-gradient":""},"tablet":{"background-color":"var(--ast-global-color-5)","background-image":"","background-repeat":"repeat","background-position":"center center","background-size":"auto","background-attachment":"scroll","background-type":"","background-media":"","overlay-type":"","overlay-color":"","overlay-opacity":"","overlay-gradient":""},"mobile":{"background-color":"var(--ast-global-color-5)","background-image":"","background-repeat":"repeat","background-position":"center center","background-size":"auto","background-attachment":"scroll","background-type":"","background-media":"","overlay-type":"","overlay-color":"","overlay-opacity":"","overlay-gradient":""}},"footnotes":""},"class_list":["post-1829","page","type-page","status-publish","hentry"],"yoast_head":"<!-- This site is optimized with the Yoast SEO plugin v24.0 - https:\/\/yoast.com\/wordpress\/plugins\/seo\/ -->\n<title>\u00bfQu\u00e9 se debe hacer para que un ferrocarril llegue a su destino? -<\/title>\n<meta name=\"description\" content=\"Para que el ferrocarril operara se estableci\u00f3 un reglamento con las funciones y los elementos para evitar cualquier eventualidad.\" \/>\n<meta name=\"robots\" content=\"index, follow, max-snippet:-1, max-image-preview:large, max-video-preview:-1\" \/>\n<link rel=\"canonical\" href=\"https:\/\/industriosos.com\/index.php\/que-se-debe-hacer-para-que-un-ferrocarril-llegue-a-su-destino\/\" \/>\n<meta property=\"og:locale\" content=\"es_ES\" \/>\n<meta property=\"og:type\" content=\"article\" \/>\n<meta property=\"og:title\" content=\"\u00bfQu\u00e9 se debe hacer para que un ferrocarril llegue a su destino? -\" \/>\n<meta property=\"og:description\" content=\"Para que el ferrocarril operara se estableci\u00f3 un reglamento con las funciones y los elementos para evitar cualquier eventualidad.\" \/>\n<meta property=\"og:url\" content=\"https:\/\/industriosos.com\/index.php\/que-se-debe-hacer-para-que-un-ferrocarril-llegue-a-su-destino\/\" \/>\n<meta property=\"article:publisher\" content=\"https:\/\/www.facebook.com\/p\/Industriosos-61555850965002\/?fref=mentions&amp;paipv=0&amp;eav=Afb8Tq6p8b1qCWCh9_m_3XsSD066aquOeICFtDWtKTTAQ7I-iL16FaoSF_xysG-J76c&amp;_rdr\" \/>\n<meta property=\"article:modified_time\" content=\"2024-12-18T11:16:56+00:00\" \/>\n<meta name=\"twitter:card\" content=\"summary_large_image\" \/>\n<meta name=\"twitter:label1\" content=\"Tiempo de lectura\" \/>\n\t<meta name=\"twitter:data1\" content=\"2 minutos\" \/>\n<script type=\"application\/ld+json\" class=\"yoast-schema-graph\">{\"@context\":\"https:\/\/schema.org\",\"@graph\":[{\"@type\":\"WebPage\",\"@id\":\"https:\/\/industriosos.com\/index.php\/que-se-debe-hacer-para-que-un-ferrocarril-llegue-a-su-destino\/\",\"url\":\"https:\/\/industriosos.com\/index.php\/que-se-debe-hacer-para-que-un-ferrocarril-llegue-a-su-destino\/\",\"name\":\"\u00bfQu\u00e9 se debe hacer para que un ferrocarril llegue a su destino? -\",\"isPartOf\":{\"@id\":\"https:\/\/industriosos.com\/#website\"},\"datePublished\":\"2024-10-16T20:52:02+00:00\",\"dateModified\":\"2024-12-18T11:16:56+00:00\",\"description\":\"Para que el ferrocarril operara se estableci\u00f3 un reglamento con las funciones y los elementos para evitar cualquier eventualidad.\",\"breadcrumb\":{\"@id\":\"https:\/\/industriosos.com\/index.php\/que-se-debe-hacer-para-que-un-ferrocarril-llegue-a-su-destino\/#breadcrumb\"},\"inLanguage\":\"es-CO\",\"potentialAction\":[{\"@type\":\"ReadAction\",\"target\":[\"https:\/\/industriosos.com\/index.php\/que-se-debe-hacer-para-que-un-ferrocarril-llegue-a-su-destino\/\"]}]},{\"@type\":\"BreadcrumbList\",\"@id\":\"https:\/\/industriosos.com\/index.php\/que-se-debe-hacer-para-que-un-ferrocarril-llegue-a-su-destino\/#breadcrumb\",\"itemListElement\":[{\"@type\":\"ListItem\",\"position\":1,\"name\":\"Inicio\",\"item\":\"https:\/\/industriosos.com\/\"},{\"@type\":\"ListItem\",\"position\":2,\"name\":\"\u00bfQu\u00e9 se debe hacer para que un ferrocarril llegue a su destino?\"}]},{\"@type\":\"WebSite\",\"@id\":\"https:\/\/industriosos.com\/#website\",\"url\":\"https:\/\/industriosos.com\/\",\"name\":\"Industriosos\",\"description\":\"\",\"publisher\":{\"@id\":\"https:\/\/industriosos.com\/#organization\"},\"potentialAction\":[{\"@type\":\"SearchAction\",\"target\":{\"@type\":\"EntryPoint\",\"urlTemplate\":\"https:\/\/industriosos.com\/?s={search_term_string}\"},\"query-input\":{\"@type\":\"PropertyValueSpecification\",\"valueRequired\":true,\"valueName\":\"search_term_string\"}}],\"inLanguage\":\"es-CO\"},{\"@type\":\"Organization\",\"@id\":\"https:\/\/industriosos.com\/#organization\",\"name\":\"Industriosos\",\"url\":\"https:\/\/industriosos.com\/\",\"logo\":{\"@type\":\"ImageObject\",\"inLanguage\":\"es-CO\",\"@id\":\"https:\/\/industriosos.com\/#\/schema\/logo\/image\/\",\"url\":\"https:\/\/industriosos.com\/wp-content\/uploads\/2024\/10\/cropped-logo-industriosos-Color-300.png\",\"contentUrl\":\"https:\/\/industriosos.com\/wp-content\/uploads\/2024\/10\/cropped-logo-industriosos-Color-300.png\",\"width\":300,\"height\":100,\"caption\":\"Industriosos\"},\"image\":{\"@id\":\"https:\/\/industriosos.com\/#\/schema\/logo\/image\/\"},\"sameAs\":[\"https:\/\/www.facebook.com\/p\/Industriosos-61555850965002\/?fref=mentions&paipv=0&eav=Afb8Tq6p8b1qCWCh9_m_3XsSD066aquOeICFtDWtKTTAQ7I-iL16FaoSF_xysG-J76c&_rdr\",\"https:\/\/www.instagram.com\/industriosos\"]}]}<\/script>\n<!-- \/ Yoast SEO plugin. -->","yoast_head_json":{"title":"\u00bfQu\u00e9 se debe hacer para que un ferrocarril llegue a su destino? -","description":"Para que el ferrocarril operara se estableci\u00f3 un reglamento con las funciones y los elementos para evitar cualquier eventualidad.","robots":{"index":"index","follow":"follow","max-snippet":"max-snippet:-1","max-image-preview":"max-image-preview:large","max-video-preview":"max-video-preview:-1"},"canonical":"https:\/\/industriosos.com\/index.php\/que-se-debe-hacer-para-que-un-ferrocarril-llegue-a-su-destino\/","og_locale":"es_ES","og_type":"article","og_title":"\u00bfQu\u00e9 se debe hacer para que un ferrocarril llegue a su destino? -","og_description":"Para que el ferrocarril operara se estableci\u00f3 un reglamento con las funciones y los elementos para evitar cualquier eventualidad.","og_url":"https:\/\/industriosos.com\/index.php\/que-se-debe-hacer-para-que-un-ferrocarril-llegue-a-su-destino\/","article_publisher":"https:\/\/www.facebook.com\/p\/Industriosos-61555850965002\/?fref=mentions&paipv=0&eav=Afb8Tq6p8b1qCWCh9_m_3XsSD066aquOeICFtDWtKTTAQ7I-iL16FaoSF_xysG-J76c&_rdr","article_modified_time":"2024-12-18T11:16:56+00:00","twitter_card":"summary_large_image","twitter_misc":{"Tiempo de lectura":"2 minutos"},"schema":{"@context":"https:\/\/schema.org","@graph":[{"@type":"WebPage","@id":"https:\/\/industriosos.com\/index.php\/que-se-debe-hacer-para-que-un-ferrocarril-llegue-a-su-destino\/","url":"https:\/\/industriosos.com\/index.php\/que-se-debe-hacer-para-que-un-ferrocarril-llegue-a-su-destino\/","name":"\u00bfQu\u00e9 se debe hacer para que un ferrocarril llegue a su destino? -","isPartOf":{"@id":"https:\/\/industriosos.com\/#website"},"datePublished":"2024-10-16T20:52:02+00:00","dateModified":"2024-12-18T11:16:56+00:00","description":"Para que el ferrocarril operara se estableci\u00f3 un reglamento con las funciones y los elementos para evitar cualquier eventualidad.","breadcrumb":{"@id":"https:\/\/industriosos.com\/index.php\/que-se-debe-hacer-para-que-un-ferrocarril-llegue-a-su-destino\/#breadcrumb"},"inLanguage":"es-CO","potentialAction":[{"@type":"ReadAction","target":["https:\/\/industriosos.com\/index.php\/que-se-debe-hacer-para-que-un-ferrocarril-llegue-a-su-destino\/"]}]},{"@type":"BreadcrumbList","@id":"https:\/\/industriosos.com\/index.php\/que-se-debe-hacer-para-que-un-ferrocarril-llegue-a-su-destino\/#breadcrumb","itemListElement":[{"@type":"ListItem","position":1,"name":"Inicio","item":"https:\/\/industriosos.com\/"},{"@type":"ListItem","position":2,"name":"\u00bfQu\u00e9 se debe hacer para que un ferrocarril llegue a su destino?"}]},{"@type":"WebSite","@id":"https:\/\/industriosos.com\/#website","url":"https:\/\/industriosos.com\/","name":"Industriosos","description":"","publisher":{"@id":"https:\/\/industriosos.com\/#organization"},"potentialAction":[{"@type":"SearchAction","target":{"@type":"EntryPoint","urlTemplate":"https:\/\/industriosos.com\/?s={search_term_string}"},"query-input":{"@type":"PropertyValueSpecification","valueRequired":true,"valueName":"search_term_string"}}],"inLanguage":"es-CO"},{"@type":"Organization","@id":"https:\/\/industriosos.com\/#organization","name":"Industriosos","url":"https:\/\/industriosos.com\/","logo":{"@type":"ImageObject","inLanguage":"es-CO","@id":"https:\/\/industriosos.com\/#\/schema\/logo\/image\/","url":"https:\/\/industriosos.com\/wp-content\/uploads\/2024\/10\/cropped-logo-industriosos-Color-300.png","contentUrl":"https:\/\/industriosos.com\/wp-content\/uploads\/2024\/10\/cropped-logo-industriosos-Color-300.png","width":300,"height":100,"caption":"Industriosos"},"image":{"@id":"https:\/\/industriosos.com\/#\/schema\/logo\/image\/"},"sameAs":["https:\/\/www.facebook.com\/p\/Industriosos-61555850965002\/?fref=mentions&paipv=0&eav=Afb8Tq6p8b1qCWCh9_m_3XsSD066aquOeICFtDWtKTTAQ7I-iL16FaoSF_xysG-J76c&_rdr","https:\/\/www.instagram.com\/industriosos"]}]}},"_links":{"self":[{"href":"https:\/\/industriosos.com\/index.php\/wp-json\/wp\/v2\/pages\/1829","targetHints":{"allow":["GET"]}}],"collection":[{"href":"https:\/\/industriosos.com\/index.php\/wp-json\/wp\/v2\/pages"}],"about":[{"href":"https:\/\/industriosos.com\/index.php\/wp-json\/wp\/v2\/types\/page"}],"author":[{"embeddable":true,"href":"https:\/\/industriosos.com\/index.php\/wp-json\/wp\/v2\/users\/2"}],"replies":[{"embeddable":true,"href":"https:\/\/industriosos.com\/index.php\/wp-json\/wp\/v2\/comments?post=1829"}],"version-history":[{"count":14,"href":"https:\/\/industriosos.com\/index.php\/wp-json\/wp\/v2\/pages\/1829\/revisions"}],"predecessor-version":[{"id":1852,"href":"https:\/\/industriosos.com\/index.php\/wp-json\/wp\/v2\/pages\/1829\/revisions\/1852"}],"wp:attachment":[{"href":"https:\/\/industriosos.com\/index.php\/wp-json\/wp\/v2\/media?parent=1829"}],"curies":[{"name":"wp","href":"https:\/\/api.w.org\/{rel}","templated":true}]}}