{"id":1781,"date":"2024-05-06T15:39:18","date_gmt":"2024-05-06T15:39:18","guid":{"rendered":"https:\/\/industriosos.com\/?page_id=1781"},"modified":"2024-12-18T11:36:26","modified_gmt":"2024-12-18T11:36:26","slug":"roles-en-la-industria-ferroviaria","status":"publish","type":"page","link":"https:\/\/industriosos.com\/index.php\/roles-en-la-industria-ferroviaria\/","title":{"rendered":"Roles en la industria ferroviaria"},"content":{"rendered":"<div class=\"wpb-content-wrapper\"><p>[vc_row][vc_column][vc_empty_space]<div id=\"ultimate-heading-600969f09076c2fe5\" class=\"uvc-heading ult-adjust-bottom-margin ultimate-heading-600969f09076c2fe5 uvc-3302 \" data-hspacer=\"line_only\"  data-halign=\"left\" style=\"text-align:left\"><div class=\"uvc-main-heading ult-responsive\"  data-ultimate-target='.uvc-heading.ultimate-heading-600969f09076c2fe5 h2'  data-responsive-json-new='{\"font-size\":\"desktop:30px;\",\"line-height\":\"\"}' ><h2 style=\"font-weight:bold;\">Roles en la industria ferroviaria<\/h2><\/div><div class=\"uvc-heading-spacer line_only\" style=\"topheight:1px;\"><span class=\"uvc-headings-line\" style=\"border-style:solid;border-bottom-width:1px;border-color:#da7e2d;width:80px;\"><\/span><\/div><\/div>[vc_empty_space][vc_column_text]El <strong>ferrocarril de Honda<\/strong> naci\u00f3 a finales del siglo 19, para conectar dos importantes puertos sobre el Magdalena: <em>Caracol\u00ed<\/em> al norte, y <em>Arrancaplumas<\/em> al sur. Posteriormente esta l\u00ednea se extendi\u00f3 a otros municipios como L<strong>a Dorada y Mariquita<\/strong>. Por ello, se convirti\u00f3 en un importante <strong>nodo de conexi\u00f3n de pasajeros y carga <\/strong>entre el norte, el sur y el centro del pa\u00eds.<\/p>\n<p>En este sistema ferroviario trabajaron muchas personas, como <em>Mat\u00edas Guzm\u00e1n, <\/em>un hondano que trabaj\u00f3 entre la Estaci\u00f3n M\u00e9xico de La Dorada y Honda.<\/p>\n<p>Los vestigios de las infraestructuras ferroviarias y las historias de vida de quienes ayudaron a construirlo hacen parte de nuestro <a href=\"https:\/\/www.facebook.com\/watch\/hashtag\/patrimonioindustrial?__eep__=6%2F&amp;__tn__=*NK-R\"><strong>patrimonio industrial<\/strong><\/a><strong>.<\/strong>[\/vc_column_text]<div id=\"ultimate-heading-382469f09076c30cd\" class=\"uvc-heading ult-adjust-bottom-margin ultimate-heading-382469f09076c30cd uvc-6610 \" data-hspacer=\"line_only\"  data-halign=\"left\" style=\"text-align:left\"><div class=\"uvc-main-heading ult-responsive\"  data-ultimate-target='.uvc-heading.ultimate-heading-382469f09076c30cd h2'  data-responsive-json-new='{\"font-size\":\"desktop:30px;\",\"line-height\":\"\"}' ><h2 style=\"font-weight:bold;\">Rehabilitador de v\u00edas f\u00e9rreas<\/h2><\/div><div class=\"uvc-heading-spacer line_only\" style=\"topheight:1px;\"><span class=\"uvc-headings-line\" style=\"border-style:solid;border-bottom-width:1px;border-color:#da7e2d;width:80px;\"><\/span><\/div><\/div>[vc_empty_space][vc_column_text]El <a href=\"https:\/\/www.facebook.com\/watch\/hashtag\/ferrocarril?__eep__=6%2F&amp;__tn__=*NK-R\"><strong>ferrocarril<\/strong><\/a> marc\u00f3 un hito en la historia de <a href=\"https:\/\/www.facebook.com\/watch\/hashtag\/colombia?__eep__=6%2F&amp;__tn__=*NK-R\"><strong>Colombia<\/strong><\/a>. <em>Mat\u00edas Guzm\u00e1n<\/em>, desde diversos oficios <a href=\"https:\/\/www.facebook.com\/watch\/hashtag\/ferroviarios?__eep__=6%2F&amp;__tn__=*NK-R\"><strong>ferroviarios<\/strong><\/a> contribuy\u00f3 al desarrollo de este medio de transporte en el pa\u00eds.[\/vc_column_text][vc_raw_html el_class=&#8221;video_center&#8221;]JTNDaWZyYW1lJTIwd2lkdGglM0QlMjI1NjAlMjIlMjBoZWlnaHQlM0QlMjIzMTUlMjIlMjBzcmMlM0QlMjJodHRwcyUzQSUyRiUyRnd3dy55b3V0dWJlLmNvbSUyRmVtYmVkJTJGSEY5eFhEOU40YzglM0ZzaSUzRHZkMW1IVDFTNDNiTlZXQm8lMjIlMjB0aXRsZSUzRCUyMllvdVR1YmUlMjB2aWRlbyUyMHBsYXllciUyMiUyMGZyYW1lYm9yZGVyJTNEJTIyMCUyMiUyMGFsbG93JTNEJTIyYWNjZWxlcm9tZXRlciUzQiUyMGF1dG9wbGF5JTNCJTIwY2xpcGJvYXJkLXdyaXRlJTNCJTIwZW5jcnlwdGVkLW1lZGlhJTNCJTIwZ3lyb3Njb3BlJTNCJTIwcGljdHVyZS1pbi1waWN0dXJlJTNCJTIwd2ViLXNoYXJlJTIyJTIwcmVmZXJyZXJwb2xpY3klM0QlMjJzdHJpY3Qtb3JpZ2luLXdoZW4tY3Jvc3Mtb3JpZ2luJTIyJTIwYWxsb3dmdWxsc2NyZWVuJTNFJTNDJTJGaWZyYW1lJTNF[\/vc_raw_html]<div id=\"ultimate-heading-607869f09076c3185\" class=\"uvc-heading ult-adjust-bottom-margin ultimate-heading-607869f09076c3185 uvc-81 \" data-hspacer=\"line_only\"  data-halign=\"left\" style=\"text-align:left\"><div class=\"uvc-main-heading ult-responsive\"  data-ultimate-target='.uvc-heading.ultimate-heading-607869f09076c3185 h2'  data-responsive-json-new='{\"font-size\":\"desktop:30px;\",\"line-height\":\"\"}' ><h2 style=\"font-weight:bold;\">Guardagujas<\/h2><\/div><div class=\"uvc-heading-spacer line_only\" style=\"topheight:1px;\"><span class=\"uvc-headings-line\" style=\"border-style:solid;border-bottom-width:1px;border-color:#da7e2d;width:80px;\"><\/span><\/div><\/div>[vc_empty_space][vc_column_text]En su labor como &#8220;guardagujas&#8221;, <em>Mat\u00edas Guzm\u00e1n<\/em> deb\u00eda recorrer varios kil\u00f3metros durante el d\u00eda para coordinar el flujo de <a href=\"https:\/\/www.facebook.com\/watch\/hashtag\/trenes?__eep__=6%2F&amp;__tn__=*NK-R\"><strong>trenes<\/strong><\/a> que llegaban y sal\u00edan de la <strong>estaci\u00f3n M\u00e9xico<\/strong> en el municipio de La Dorada (Caldas).[\/vc_column_text][vc_raw_html el_class=&#8221;video_center&#8221;]JTNDaWZyYW1lJTIwd2lkdGglM0QlMjI1NjAlMjIlMjBoZWlnaHQlM0QlMjIzMTUlMjIlMjBzcmMlM0QlMjJodHRwcyUzQSUyRiUyRnd3dy55b3V0dWJlLmNvbSUyRmVtYmVkJTJGamRwMHNSLVk0MjglM0ZzaSUzRGZ5YmhoVUFWQUVUQWlPbnclMjIlMjB0aXRsZSUzRCUyMllvdVR1YmUlMjB2aWRlbyUyMHBsYXllciUyMiUyMGZyYW1lYm9yZGVyJTNEJTIyMCUyMiUyMGFsbG93JTNEJTIyYWNjZWxlcm9tZXRlciUzQiUyMGF1dG9wbGF5JTNCJTIwY2xpcGJvYXJkLXdyaXRlJTNCJTIwZW5jcnlwdGVkLW1lZGlhJTNCJTIwZ3lyb3Njb3BlJTNCJTIwcGljdHVyZS1pbi1waWN0dXJlJTNCJTIwd2ViLXNoYXJlJTIyJTIwcmVmZXJyZXJwb2xpY3klM0QlMjJzdHJpY3Qtb3JpZ2luLXdoZW4tY3Jvc3Mtb3JpZ2luJTIyJTIwYWxsb3dmdWxsc2NyZWVuJTNFJTNDJTJGaWZyYW1lJTNF[\/vc_raw_html]<div id=\"ultimate-heading-371569f09076c3238\" class=\"uvc-heading ult-adjust-bottom-margin ultimate-heading-371569f09076c3238 uvc-5380 \" data-hspacer=\"line_only\"  data-halign=\"left\" style=\"text-align:left\"><div class=\"uvc-main-heading ult-responsive\"  data-ultimate-target='.uvc-heading.ultimate-heading-371569f09076c3238 h2'  data-responsive-json-new='{\"font-size\":\"desktop:30px;\",\"line-height\":\"\"}' ><h2 style=\"font-weight:bold;\">Frenero<\/h2><\/div><div class=\"uvc-heading-spacer line_only\" style=\"topheight:1px;\"><span class=\"uvc-headings-line\" style=\"border-style:solid;border-bottom-width:1px;border-color:#da7e2d;width:80px;\"><\/span><\/div><\/div>[vc_empty_space][vc_column_text]Luego de contar sus experiencias como rehabilitador de v\u00edas f\u00e9rreas y &#8220;guardagujas&#8221;, en el \u00faltimo video <em>Mat\u00edas Guzm\u00e1n<\/em> le explica de manera r\u00e1pida y sencilla c\u00f3mo frenar un tren.<\/p>\n<p>Aprender\u00e1 el procedimiento para evitar que el <a href=\"https:\/\/www.facebook.com\/watch\/hashtag\/ferrocarril?__eep__=6%2F&amp;__tn__=*NK-R\"><strong>ferrocarril<\/strong><\/a> en el que viaje aumente excesivamente la velocidad y se descarrile. Y si ello ocurre\u2026[\/vc_column_text][vc_raw_html el_class=&#8221;video_center&#8221;]JTNDaWZyYW1lJTIwd2lkdGglM0QlMjI1NjAlMjIlMjBoZWlnaHQlM0QlMjIzMTUlMjIlMjBzcmMlM0QlMjJodHRwcyUzQSUyRiUyRnd3dy55b3V0dWJlLmNvbSUyRmVtYmVkJTJGZnY0c01xM19ONFElM0ZzaSUzRDhSWW9BSnI4Qmx0WFlRQVglMjIlMjB0aXRsZSUzRCUyMllvdVR1YmUlMjB2aWRlbyUyMHBsYXllciUyMiUyMGZyYW1lYm9yZGVyJTNEJTIyMCUyMiUyMGFsbG93JTNEJTIyYWNjZWxlcm9tZXRlciUzQiUyMGF1dG9wbGF5JTNCJTIwY2xpcGJvYXJkLXdyaXRlJTNCJTIwZW5jcnlwdGVkLW1lZGlhJTNCJTIwZ3lyb3Njb3BlJTNCJTIwcGljdHVyZS1pbi1waWN0dXJlJTNCJTIwd2ViLXNoYXJlJTIyJTIwcmVmZXJyZXJwb2xpY3klM0QlMjJzdHJpY3Qtb3JpZ2luLXdoZW4tY3Jvc3Mtb3JpZ2luJTIyJTIwYWxsb3dmdWxsc2NyZWVuJTNFJTNDJTJGaWZyYW1lJTNF[\/vc_raw_html][\/vc_column][\/vc_row]<\/p>\n<\/div>","protected":false},"excerpt":{"rendered":"<p>[vc_row][vc_column][vc_empty_space][vc_empty_space][vc_column_text]El ferrocarril de Honda naci\u00f3 a finales del siglo 19, para conectar dos importantes puertos sobre el Magdalena: Caracol\u00ed al norte, y Arrancaplumas al sur. Posteriormente esta l\u00ednea se extendi\u00f3 a otros municipios como La Dorada y Mariquita. Por ello, se convirti\u00f3 en un importante nodo de conexi\u00f3n de pasajeros y carga entre el norte, [&hellip;]<\/p>\n","protected":false},"author":2,"featured_media":0,"parent":0,"menu_order":25,"comment_status":"closed","ping_status":"closed","template":"","meta":{"om_disable_all_campaigns":false,"_monsterinsights_skip_tracking":false,"_monsterinsights_sitenote_active":false,"_monsterinsights_sitenote_note":"","_monsterinsights_sitenote_category":0,"site-sidebar-layout":"no-sidebar","site-content-layout":"plain-container","ast-site-content-layout":"normal-width-container","site-content-style":"unboxed","site-sidebar-style":"unboxed","ast-global-header-display":"","ast-banner-title-visibility":"","ast-main-header-display":"","ast-hfb-above-header-display":"","ast-hfb-below-header-display":"","ast-hfb-mobile-header-display":"","site-post-title":"disabled","ast-breadcrumbs-content":"","ast-featured-img":"disabled","footer-sml-layout":"","theme-transparent-header-meta":"default","adv-header-id-meta":"","stick-header-meta":"","header-above-stick-meta":"","header-main-stick-meta":"","header-below-stick-meta":"","astra-migrate-meta-layouts":"set","ast-page-background-enabled":"default","ast-page-background-meta":{"desktop":{"background-color":"","background-image":"","background-repeat":"repeat","background-position":"center center","background-size":"auto","background-attachment":"scroll","background-type":"","background-media":"","overlay-type":"","overlay-color":"","overlay-opacity":"","overlay-gradient":""},"tablet":{"background-color":"","background-image":"","background-repeat":"repeat","background-position":"center center","background-size":"auto","background-attachment":"scroll","background-type":"","background-media":"","overlay-type":"","overlay-color":"","overlay-opacity":"","overlay-gradient":""},"mobile":{"background-color":"","background-image":"","background-repeat":"repeat","background-position":"center center","background-size":"auto","background-attachment":"scroll","background-type":"","background-media":"","overlay-type":"","overlay-color":"","overlay-opacity":"","overlay-gradient":""}},"ast-content-background-meta":{"desktop":{"background-color":"var(--ast-global-color-5)","background-image":"","background-repeat":"repeat","background-position":"center center","background-size":"auto","background-attachment":"scroll","background-type":"","background-media":"","overlay-type":"","overlay-color":"","overlay-opacity":"","overlay-gradient":""},"tablet":{"background-color":"var(--ast-global-color-5)","background-image":"","background-repeat":"repeat","background-position":"center center","background-size":"auto","background-attachment":"scroll","background-type":"","background-media":"","overlay-type":"","overlay-color":"","overlay-opacity":"","overlay-gradient":""},"mobile":{"background-color":"var(--ast-global-color-5)","background-image":"","background-repeat":"repeat","background-position":"center center","background-size":"auto","background-attachment":"scroll","background-type":"","background-media":"","overlay-type":"","overlay-color":"","overlay-opacity":"","overlay-gradient":""}},"footnotes":""},"class_list":["post-1781","page","type-page","status-publish","hentry"],"yoast_head":"<!-- This site is optimized with the Yoast SEO plugin v24.0 - https:\/\/yoast.com\/wordpress\/plugins\/seo\/ -->\n<title>Industriosos | Roles en la industria ferroviaria<\/title>\n<meta name=\"description\" content=\"El ferrocarril de Honda naci\u00f3 a finales del siglo 19, para conectar dos importantes puertos sobre el Magdalena.\" \/>\n<meta name=\"robots\" content=\"index, follow, max-snippet:-1, max-image-preview:large, max-video-preview:-1\" \/>\n<link rel=\"canonical\" href=\"https:\/\/industriosos.com\/index.php\/roles-en-la-industria-ferroviaria\/\" \/>\n<meta property=\"og:locale\" content=\"es_ES\" \/>\n<meta property=\"og:type\" content=\"article\" \/>\n<meta property=\"og:title\" content=\"Industriosos | Roles en la industria ferroviaria\" \/>\n<meta property=\"og:description\" content=\"El ferrocarril de Honda naci\u00f3 a finales del siglo 19, para conectar dos importantes puertos sobre el Magdalena.\" \/>\n<meta property=\"og:url\" content=\"https:\/\/industriosos.com\/index.php\/roles-en-la-industria-ferroviaria\/\" \/>\n<meta property=\"article:publisher\" content=\"https:\/\/www.facebook.com\/p\/Industriosos-61555850965002\/?fref=mentions&amp;paipv=0&amp;eav=Afb8Tq6p8b1qCWCh9_m_3XsSD066aquOeICFtDWtKTTAQ7I-iL16FaoSF_xysG-J76c&amp;_rdr\" \/>\n<meta property=\"article:modified_time\" content=\"2024-12-18T11:36:26+00:00\" \/>\n<meta name=\"twitter:card\" content=\"summary_large_image\" \/>\n<meta name=\"twitter:label1\" content=\"Tiempo de lectura\" \/>\n\t<meta name=\"twitter:data1\" content=\"2 minutos\" \/>\n<script type=\"application\/ld+json\" class=\"yoast-schema-graph\">{\"@context\":\"https:\/\/schema.org\",\"@graph\":[{\"@type\":\"WebPage\",\"@id\":\"https:\/\/industriosos.com\/index.php\/roles-en-la-industria-ferroviaria\/\",\"url\":\"https:\/\/industriosos.com\/index.php\/roles-en-la-industria-ferroviaria\/\",\"name\":\"Industriosos | Roles en la industria ferroviaria\",\"isPartOf\":{\"@id\":\"https:\/\/industriosos.com\/#website\"},\"datePublished\":\"2024-05-06T15:39:18+00:00\",\"dateModified\":\"2024-12-18T11:36:26+00:00\",\"description\":\"El ferrocarril de Honda naci\u00f3 a finales del siglo 19, para conectar dos importantes puertos sobre el Magdalena.\",\"breadcrumb\":{\"@id\":\"https:\/\/industriosos.com\/index.php\/roles-en-la-industria-ferroviaria\/#breadcrumb\"},\"inLanguage\":\"es-CO\",\"potentialAction\":[{\"@type\":\"ReadAction\",\"target\":[\"https:\/\/industriosos.com\/index.php\/roles-en-la-industria-ferroviaria\/\"]}]},{\"@type\":\"BreadcrumbList\",\"@id\":\"https:\/\/industriosos.com\/index.php\/roles-en-la-industria-ferroviaria\/#breadcrumb\",\"itemListElement\":[{\"@type\":\"ListItem\",\"position\":1,\"name\":\"Inicio\",\"item\":\"https:\/\/industriosos.com\/\"},{\"@type\":\"ListItem\",\"position\":2,\"name\":\"Roles en la industria ferroviaria\"}]},{\"@type\":\"WebSite\",\"@id\":\"https:\/\/industriosos.com\/#website\",\"url\":\"https:\/\/industriosos.com\/\",\"name\":\"Industriosos\",\"description\":\"\",\"publisher\":{\"@id\":\"https:\/\/industriosos.com\/#organization\"},\"potentialAction\":[{\"@type\":\"SearchAction\",\"target\":{\"@type\":\"EntryPoint\",\"urlTemplate\":\"https:\/\/industriosos.com\/?s={search_term_string}\"},\"query-input\":{\"@type\":\"PropertyValueSpecification\",\"valueRequired\":true,\"valueName\":\"search_term_string\"}}],\"inLanguage\":\"es-CO\"},{\"@type\":\"Organization\",\"@id\":\"https:\/\/industriosos.com\/#organization\",\"name\":\"Industriosos\",\"url\":\"https:\/\/industriosos.com\/\",\"logo\":{\"@type\":\"ImageObject\",\"inLanguage\":\"es-CO\",\"@id\":\"https:\/\/industriosos.com\/#\/schema\/logo\/image\/\",\"url\":\"https:\/\/industriosos.com\/wp-content\/uploads\/2024\/10\/cropped-logo-industriosos-Color-300.png\",\"contentUrl\":\"https:\/\/industriosos.com\/wp-content\/uploads\/2024\/10\/cropped-logo-industriosos-Color-300.png\",\"width\":300,\"height\":100,\"caption\":\"Industriosos\"},\"image\":{\"@id\":\"https:\/\/industriosos.com\/#\/schema\/logo\/image\/\"},\"sameAs\":[\"https:\/\/www.facebook.com\/p\/Industriosos-61555850965002\/?fref=mentions&paipv=0&eav=Afb8Tq6p8b1qCWCh9_m_3XsSD066aquOeICFtDWtKTTAQ7I-iL16FaoSF_xysG-J76c&_rdr\",\"https:\/\/www.instagram.com\/industriosos\"]}]}<\/script>\n<!-- \/ Yoast SEO plugin. -->","yoast_head_json":{"title":"Industriosos | Roles en la industria ferroviaria","description":"El ferrocarril de Honda naci\u00f3 a finales del siglo 19, para conectar dos importantes puertos sobre el Magdalena.","robots":{"index":"index","follow":"follow","max-snippet":"max-snippet:-1","max-image-preview":"max-image-preview:large","max-video-preview":"max-video-preview:-1"},"canonical":"https:\/\/industriosos.com\/index.php\/roles-en-la-industria-ferroviaria\/","og_locale":"es_ES","og_type":"article","og_title":"Industriosos | Roles en la industria ferroviaria","og_description":"El ferrocarril de Honda naci\u00f3 a finales del siglo 19, para conectar dos importantes puertos sobre el Magdalena.","og_url":"https:\/\/industriosos.com\/index.php\/roles-en-la-industria-ferroviaria\/","article_publisher":"https:\/\/www.facebook.com\/p\/Industriosos-61555850965002\/?fref=mentions&paipv=0&eav=Afb8Tq6p8b1qCWCh9_m_3XsSD066aquOeICFtDWtKTTAQ7I-iL16FaoSF_xysG-J76c&_rdr","article_modified_time":"2024-12-18T11:36:26+00:00","twitter_card":"summary_large_image","twitter_misc":{"Tiempo de lectura":"2 minutos"},"schema":{"@context":"https:\/\/schema.org","@graph":[{"@type":"WebPage","@id":"https:\/\/industriosos.com\/index.php\/roles-en-la-industria-ferroviaria\/","url":"https:\/\/industriosos.com\/index.php\/roles-en-la-industria-ferroviaria\/","name":"Industriosos | Roles en la industria ferroviaria","isPartOf":{"@id":"https:\/\/industriosos.com\/#website"},"datePublished":"2024-05-06T15:39:18+00:00","dateModified":"2024-12-18T11:36:26+00:00","description":"El ferrocarril de Honda naci\u00f3 a finales del siglo 19, para conectar dos importantes puertos sobre el Magdalena.","breadcrumb":{"@id":"https:\/\/industriosos.com\/index.php\/roles-en-la-industria-ferroviaria\/#breadcrumb"},"inLanguage":"es-CO","potentialAction":[{"@type":"ReadAction","target":["https:\/\/industriosos.com\/index.php\/roles-en-la-industria-ferroviaria\/"]}]},{"@type":"BreadcrumbList","@id":"https:\/\/industriosos.com\/index.php\/roles-en-la-industria-ferroviaria\/#breadcrumb","itemListElement":[{"@type":"ListItem","position":1,"name":"Inicio","item":"https:\/\/industriosos.com\/"},{"@type":"ListItem","position":2,"name":"Roles en la industria ferroviaria"}]},{"@type":"WebSite","@id":"https:\/\/industriosos.com\/#website","url":"https:\/\/industriosos.com\/","name":"Industriosos","description":"","publisher":{"@id":"https:\/\/industriosos.com\/#organization"},"potentialAction":[{"@type":"SearchAction","target":{"@type":"EntryPoint","urlTemplate":"https:\/\/industriosos.com\/?s={search_term_string}"},"query-input":{"@type":"PropertyValueSpecification","valueRequired":true,"valueName":"search_term_string"}}],"inLanguage":"es-CO"},{"@type":"Organization","@id":"https:\/\/industriosos.com\/#organization","name":"Industriosos","url":"https:\/\/industriosos.com\/","logo":{"@type":"ImageObject","inLanguage":"es-CO","@id":"https:\/\/industriosos.com\/#\/schema\/logo\/image\/","url":"https:\/\/industriosos.com\/wp-content\/uploads\/2024\/10\/cropped-logo-industriosos-Color-300.png","contentUrl":"https:\/\/industriosos.com\/wp-content\/uploads\/2024\/10\/cropped-logo-industriosos-Color-300.png","width":300,"height":100,"caption":"Industriosos"},"image":{"@id":"https:\/\/industriosos.com\/#\/schema\/logo\/image\/"},"sameAs":["https:\/\/www.facebook.com\/p\/Industriosos-61555850965002\/?fref=mentions&paipv=0&eav=Afb8Tq6p8b1qCWCh9_m_3XsSD066aquOeICFtDWtKTTAQ7I-iL16FaoSF_xysG-J76c&_rdr","https:\/\/www.instagram.com\/industriosos"]}]}},"_links":{"self":[{"href":"https:\/\/industriosos.com\/index.php\/wp-json\/wp\/v2\/pages\/1781","targetHints":{"allow":["GET"]}}],"collection":[{"href":"https:\/\/industriosos.com\/index.php\/wp-json\/wp\/v2\/pages"}],"about":[{"href":"https:\/\/industriosos.com\/index.php\/wp-json\/wp\/v2\/types\/page"}],"author":[{"embeddable":true,"href":"https:\/\/industriosos.com\/index.php\/wp-json\/wp\/v2\/users\/2"}],"replies":[{"embeddable":true,"href":"https:\/\/industriosos.com\/index.php\/wp-json\/wp\/v2\/comments?post=1781"}],"version-history":[{"count":10,"href":"https:\/\/industriosos.com\/index.php\/wp-json\/wp\/v2\/pages\/1781\/revisions"}],"predecessor-version":[{"id":1815,"href":"https:\/\/industriosos.com\/index.php\/wp-json\/wp\/v2\/pages\/1781\/revisions\/1815"}],"wp:attachment":[{"href":"https:\/\/industriosos.com\/index.php\/wp-json\/wp\/v2\/media?parent=1781"}],"curies":[{"name":"wp","href":"https:\/\/api.w.org\/{rel}","templated":true}]}}