{"id":1779,"date":"2024-05-06T15:38:28","date_gmt":"2024-05-06T15:38:28","guid":{"rendered":"https:\/\/industriosos.com\/?page_id=1779"},"modified":"2024-12-18T11:35:15","modified_gmt":"2024-12-18T11:35:15","slug":"ferrocarril-honda-la-dorada-y-sus-elementos","status":"publish","type":"page","link":"https:\/\/industriosos.com\/index.php\/ferrocarril-honda-la-dorada-y-sus-elementos\/","title":{"rendered":"Ferrocarril Honda &#8211; La Dorada y sus elementos"},"content":{"rendered":"<div class=\"wpb-content-wrapper\"><p>[vc_row][vc_column][vc_empty_space]<div id=\"ultimate-heading-133469e88e147585f\" class=\"uvc-heading ult-adjust-bottom-margin ultimate-heading-133469e88e147585f uvc-4384 \" data-hspacer=\"line_only\"  data-halign=\"left\" style=\"text-align:left\"><div class=\"uvc-main-heading ult-responsive\"  data-ultimate-target='.uvc-heading.ultimate-heading-133469e88e147585f h2'  data-responsive-json-new='{\"font-size\":\"desktop:30px;\",\"line-height\":\"\"}' ><h2 style=\"font-weight:bold;\">Ferrocarril Honda - La Dorada y sus elementos<\/h2><\/div><div class=\"uvc-heading-spacer line_only\" style=\"topheight:1px;\"><span class=\"uvc-headings-line\" style=\"border-style:solid;border-bottom-width:1px;border-color:#da7e2d;width:80px;\"><\/span><\/div><\/div>[vc_empty_space][vc_column_text css=&#8221;&#8221;]La historia del tren en Honda representa un cap\u00edtulo fascinante en el desarrollo del transporte ferroviario en Colombia y en la regi\u00f3n andina. Honda, una ciudad estrat\u00e9gicamente ubicada en la confluencia de los r\u00edos Magdalena y Gual\u00ed, ha sido un punto crucial para el comercio y la conectividad desde tiempos coloniales. La llegada del tren a esta regi\u00f3n marc\u00f3 un hito en su desarrollo econ\u00f3mico y social.<\/p>\n<p>El ferrocarril en Honda comenz\u00f3 a cobrar relevancia a finales del siglo XIX, durante el auge de la industria del caf\u00e9. La necesidad de conectar las regiones productoras del interior del pa\u00eds con los puertos fluviales del r\u00edo Magdalena impuls\u00f3 la construcci\u00f3n de l\u00edneas ferroviarias. En este contexto, se construy\u00f3 la l\u00ednea f\u00e9rrea que conectaba la ciudad de La Dorada con Honda, como parte del proyecto ferroviario m\u00e1s grande de Colombia en ese momento.[\/vc_column_text][vc_single_image image=&#8221;1798&#8243; img_size=&#8221;large&#8221; alignment=&#8221;center&#8221; onclick=&#8221;link_image&#8221;][vc_empty_space]<div id=\"ultimate-heading-699169e88e147590c\" class=\"uvc-heading ult-adjust-bottom-margin ultimate-heading-699169e88e147590c uvc-1698 \" data-hspacer=\"line_only\"  data-halign=\"left\" style=\"text-align:left\"><div class=\"uvc-main-heading ult-responsive\"  data-ultimate-target='.uvc-heading.ultimate-heading-699169e88e147590c h2'  data-responsive-json-new='{\"font-size\":\"desktop:30px;\",\"line-height\":\"\"}' ><h2 style=\"font-weight:bold;\">Algunos elementos de la industria ferroviaria<\/h2><\/div><div class=\"uvc-heading-spacer line_only\" style=\"topheight:1px;\"><span class=\"uvc-headings-line\" style=\"border-style:solid;border-bottom-width:1px;border-color:#da7e2d;width:80px;\"><\/span><\/div><\/div>[vc_empty_space][vc_column_text]Una ruta ferroviaria consta de m\u00faltiples elementos esenciales que permiten el funcionamiento eficiente y seguro del sistema ferroviario.<\/p>\n<p>Estos elementos pueden variar seg\u00fan la ubicaci\u00f3n y el prop\u00f3sito espec\u00edfico de la l\u00ednea e incluyen, entre otros: la <strong>v\u00eda<\/strong> por donde se desplazan los trenes, <strong>las traviesas o \u201cpolines\u201d<\/strong> horizontales que sostienen y distribuyen la carga a lo largo de la v\u00eda y pueden ser de madera, concreto o acero, el <strong>balasto<\/strong> que es una capa de piedras o grava que se coloca debajo de las traviesas para proporcionar drenaje y estabilidad, la <strong>se\u00f1alizaci\u00f3n ferroviaria<\/strong>, las <strong>estaciones de pasajeros y bodegas<\/strong> a lo largo de la ruta donde los trenes pueden cargar o descargar viajeros y\/o mercanc\u00edas, los <strong>desv\u00edos y cruces<\/strong>, que permiten que los trenes cambien de v\u00eda o se crucen con otras v\u00edas y <strong>los campamentos y talleres<\/strong>, donde se presta servicio a todos los componentes.<\/p>\n<p>Estos son algunos componentes que hicieron parte del antiguo sistema ferroviario de Honda:[\/vc_column_text][vc_single_image image=&#8221;1797&#8243; img_size=&#8221;large&#8221; alignment=&#8221;center&#8221; onclick=&#8221;link_image&#8221;][vc_empty_space]<div id=\"ultimate-heading-181869e88e1475972\" class=\"uvc-heading ult-adjust-bottom-margin ultimate-heading-181869e88e1475972 uvc-3873 \" data-hspacer=\"line_only\"  data-halign=\"left\" style=\"text-align:left\"><div class=\"uvc-main-heading ult-responsive\"  data-ultimate-target='.uvc-heading.ultimate-heading-181869e88e1475972 h2'  data-responsive-json-new='{\"font-size\":\"desktop:30px;\",\"line-height\":\"\"}' ><h2 style=\"font-weight:bold;\">Bibliograf\u00eda<\/h2><\/div><div class=\"uvc-heading-spacer line_only\" style=\"topheight:1px;\"><span class=\"uvc-headings-line\" style=\"border-style:solid;border-bottom-width:1px;border-color:#da7e2d;width:80px;\"><\/span><\/div><\/div>[vc_column_text]Nieto, C. E. y Real, Y. A. (2017). Ferrocarril de La Dorada: configuraci\u00f3n, desarticulaci\u00f3n y rupturas. Apuntes, 30(1), 36-53. https:\/\/doi.org\/10.11144\/Javeriana.apc30-1.fdcd[\/vc_column_text][\/vc_column][\/vc_row][vc_row][vc_column][\/vc_column][\/vc_row]<\/p>\n<\/div>","protected":false},"excerpt":{"rendered":"<p>[vc_row][vc_column][vc_empty_space][vc_empty_space][vc_column_text css=&#8221;&#8221;]La historia del tren en Honda representa un cap\u00edtulo fascinante en el desarrollo del transporte ferroviario en Colombia y en la regi\u00f3n andina. Honda, una ciudad estrat\u00e9gicamente ubicada en la confluencia de los r\u00edos Magdalena y Gual\u00ed, ha sido un punto crucial para el comercio y la conectividad desde tiempos coloniales. La llegada del [&hellip;]<\/p>\n","protected":false},"author":2,"featured_media":0,"parent":0,"menu_order":24,"comment_status":"closed","ping_status":"closed","template":"","meta":{"om_disable_all_campaigns":false,"_monsterinsights_skip_tracking":false,"_monsterinsights_sitenote_active":false,"_monsterinsights_sitenote_note":"","_monsterinsights_sitenote_category":0,"site-sidebar-layout":"no-sidebar","site-content-layout":"plain-container","ast-site-content-layout":"normal-width-container","site-content-style":"unboxed","site-sidebar-style":"unboxed","ast-global-header-display":"","ast-banner-title-visibility":"","ast-main-header-display":"","ast-hfb-above-header-display":"","ast-hfb-below-header-display":"","ast-hfb-mobile-header-display":"","site-post-title":"disabled","ast-breadcrumbs-content":"","ast-featured-img":"disabled","footer-sml-layout":"","theme-transparent-header-meta":"default","adv-header-id-meta":"","stick-header-meta":"","header-above-stick-meta":"","header-main-stick-meta":"","header-below-stick-meta":"","astra-migrate-meta-layouts":"set","ast-page-background-enabled":"default","ast-page-background-meta":{"desktop":{"background-color":"","background-image":"","background-repeat":"repeat","background-position":"center center","background-size":"auto","background-attachment":"scroll","background-type":"","background-media":"","overlay-type":"","overlay-color":"","overlay-opacity":"","overlay-gradient":""},"tablet":{"background-color":"","background-image":"","background-repeat":"repeat","background-position":"center center","background-size":"auto","background-attachment":"scroll","background-type":"","background-media":"","overlay-type":"","overlay-color":"","overlay-opacity":"","overlay-gradient":""},"mobile":{"background-color":"","background-image":"","background-repeat":"repeat","background-position":"center center","background-size":"auto","background-attachment":"scroll","background-type":"","background-media":"","overlay-type":"","overlay-color":"","overlay-opacity":"","overlay-gradient":""}},"ast-content-background-meta":{"desktop":{"background-color":"var(--ast-global-color-5)","background-image":"","background-repeat":"repeat","background-position":"center center","background-size":"auto","background-attachment":"scroll","background-type":"","background-media":"","overlay-type":"","overlay-color":"","overlay-opacity":"","overlay-gradient":""},"tablet":{"background-color":"var(--ast-global-color-5)","background-image":"","background-repeat":"repeat","background-position":"center center","background-size":"auto","background-attachment":"scroll","background-type":"","background-media":"","overlay-type":"","overlay-color":"","overlay-opacity":"","overlay-gradient":""},"mobile":{"background-color":"var(--ast-global-color-5)","background-image":"","background-repeat":"repeat","background-position":"center center","background-size":"auto","background-attachment":"scroll","background-type":"","background-media":"","overlay-type":"","overlay-color":"","overlay-opacity":"","overlay-gradient":""}},"footnotes":""},"class_list":["post-1779","page","type-page","status-publish","hentry"],"yoast_head":"<!-- This site is optimized with the Yoast SEO plugin v24.0 - https:\/\/yoast.com\/wordpress\/plugins\/seo\/ -->\n<title>Industriosos | Ferrocarril Honda - La Dorada y sus elementos<\/title>\n<meta name=\"description\" content=\"La historia del tren en Honda representa un cap\u00edtulo fascinante en el desarrollo del transporte ferroviario en Colombia y en la regi\u00f3n andina.\" \/>\n<meta name=\"robots\" content=\"index, follow, max-snippet:-1, max-image-preview:large, max-video-preview:-1\" \/>\n<link rel=\"canonical\" href=\"https:\/\/industriosos.com\/index.php\/ferrocarril-honda-la-dorada-y-sus-elementos\/\" \/>\n<meta property=\"og:locale\" content=\"es_ES\" \/>\n<meta property=\"og:type\" content=\"article\" \/>\n<meta property=\"og:title\" content=\"Industriosos | Ferrocarril Honda - La Dorada y sus elementos\" \/>\n<meta property=\"og:description\" content=\"La historia del tren en Honda representa un cap\u00edtulo fascinante en el desarrollo del transporte ferroviario en Colombia y en la regi\u00f3n andina.\" \/>\n<meta property=\"og:url\" content=\"https:\/\/industriosos.com\/index.php\/ferrocarril-honda-la-dorada-y-sus-elementos\/\" \/>\n<meta property=\"article:publisher\" content=\"https:\/\/www.facebook.com\/p\/Industriosos-61555850965002\/?fref=mentions&amp;paipv=0&amp;eav=Afb8Tq6p8b1qCWCh9_m_3XsSD066aquOeICFtDWtKTTAQ7I-iL16FaoSF_xysG-J76c&amp;_rdr\" \/>\n<meta property=\"article:modified_time\" content=\"2024-12-18T11:35:15+00:00\" \/>\n<meta name=\"twitter:card\" content=\"summary_large_image\" \/>\n<meta name=\"twitter:label1\" content=\"Tiempo de lectura\" \/>\n\t<meta name=\"twitter:data1\" content=\"3 minutos\" \/>\n<script type=\"application\/ld+json\" class=\"yoast-schema-graph\">{\"@context\":\"https:\/\/schema.org\",\"@graph\":[{\"@type\":\"WebPage\",\"@id\":\"https:\/\/industriosos.com\/index.php\/ferrocarril-honda-la-dorada-y-sus-elementos\/\",\"url\":\"https:\/\/industriosos.com\/index.php\/ferrocarril-honda-la-dorada-y-sus-elementos\/\",\"name\":\"Industriosos | Ferrocarril Honda - La Dorada y sus elementos\",\"isPartOf\":{\"@id\":\"https:\/\/industriosos.com\/#website\"},\"datePublished\":\"2024-05-06T15:38:28+00:00\",\"dateModified\":\"2024-12-18T11:35:15+00:00\",\"description\":\"La historia del tren en Honda representa un cap\u00edtulo fascinante en el desarrollo del transporte ferroviario en Colombia y en la regi\u00f3n andina.\",\"breadcrumb\":{\"@id\":\"https:\/\/industriosos.com\/index.php\/ferrocarril-honda-la-dorada-y-sus-elementos\/#breadcrumb\"},\"inLanguage\":\"es-CO\",\"potentialAction\":[{\"@type\":\"ReadAction\",\"target\":[\"https:\/\/industriosos.com\/index.php\/ferrocarril-honda-la-dorada-y-sus-elementos\/\"]}]},{\"@type\":\"BreadcrumbList\",\"@id\":\"https:\/\/industriosos.com\/index.php\/ferrocarril-honda-la-dorada-y-sus-elementos\/#breadcrumb\",\"itemListElement\":[{\"@type\":\"ListItem\",\"position\":1,\"name\":\"Inicio\",\"item\":\"https:\/\/industriosos.com\/\"},{\"@type\":\"ListItem\",\"position\":2,\"name\":\"Ferrocarril Honda &#8211; La Dorada y sus elementos\"}]},{\"@type\":\"WebSite\",\"@id\":\"https:\/\/industriosos.com\/#website\",\"url\":\"https:\/\/industriosos.com\/\",\"name\":\"Industriosos\",\"description\":\"\",\"publisher\":{\"@id\":\"https:\/\/industriosos.com\/#organization\"},\"potentialAction\":[{\"@type\":\"SearchAction\",\"target\":{\"@type\":\"EntryPoint\",\"urlTemplate\":\"https:\/\/industriosos.com\/?s={search_term_string}\"},\"query-input\":{\"@type\":\"PropertyValueSpecification\",\"valueRequired\":true,\"valueName\":\"search_term_string\"}}],\"inLanguage\":\"es-CO\"},{\"@type\":\"Organization\",\"@id\":\"https:\/\/industriosos.com\/#organization\",\"name\":\"Industriosos\",\"url\":\"https:\/\/industriosos.com\/\",\"logo\":{\"@type\":\"ImageObject\",\"inLanguage\":\"es-CO\",\"@id\":\"https:\/\/industriosos.com\/#\/schema\/logo\/image\/\",\"url\":\"https:\/\/industriosos.com\/wp-content\/uploads\/2024\/10\/cropped-logo-industriosos-Color-300.png\",\"contentUrl\":\"https:\/\/industriosos.com\/wp-content\/uploads\/2024\/10\/cropped-logo-industriosos-Color-300.png\",\"width\":300,\"height\":100,\"caption\":\"Industriosos\"},\"image\":{\"@id\":\"https:\/\/industriosos.com\/#\/schema\/logo\/image\/\"},\"sameAs\":[\"https:\/\/www.facebook.com\/p\/Industriosos-61555850965002\/?fref=mentions&paipv=0&eav=Afb8Tq6p8b1qCWCh9_m_3XsSD066aquOeICFtDWtKTTAQ7I-iL16FaoSF_xysG-J76c&_rdr\",\"https:\/\/www.instagram.com\/industriosos\"]}]}<\/script>\n<!-- \/ Yoast SEO plugin. -->","yoast_head_json":{"title":"Industriosos | Ferrocarril Honda - La Dorada y sus elementos","description":"La historia del tren en Honda representa un cap\u00edtulo fascinante en el desarrollo del transporte ferroviario en Colombia y en la regi\u00f3n andina.","robots":{"index":"index","follow":"follow","max-snippet":"max-snippet:-1","max-image-preview":"max-image-preview:large","max-video-preview":"max-video-preview:-1"},"canonical":"https:\/\/industriosos.com\/index.php\/ferrocarril-honda-la-dorada-y-sus-elementos\/","og_locale":"es_ES","og_type":"article","og_title":"Industriosos | Ferrocarril Honda - La Dorada y sus elementos","og_description":"La historia del tren en Honda representa un cap\u00edtulo fascinante en el desarrollo del transporte ferroviario en Colombia y en la regi\u00f3n andina.","og_url":"https:\/\/industriosos.com\/index.php\/ferrocarril-honda-la-dorada-y-sus-elementos\/","article_publisher":"https:\/\/www.facebook.com\/p\/Industriosos-61555850965002\/?fref=mentions&paipv=0&eav=Afb8Tq6p8b1qCWCh9_m_3XsSD066aquOeICFtDWtKTTAQ7I-iL16FaoSF_xysG-J76c&_rdr","article_modified_time":"2024-12-18T11:35:15+00:00","twitter_card":"summary_large_image","twitter_misc":{"Tiempo de lectura":"3 minutos"},"schema":{"@context":"https:\/\/schema.org","@graph":[{"@type":"WebPage","@id":"https:\/\/industriosos.com\/index.php\/ferrocarril-honda-la-dorada-y-sus-elementos\/","url":"https:\/\/industriosos.com\/index.php\/ferrocarril-honda-la-dorada-y-sus-elementos\/","name":"Industriosos | Ferrocarril Honda - La Dorada y sus elementos","isPartOf":{"@id":"https:\/\/industriosos.com\/#website"},"datePublished":"2024-05-06T15:38:28+00:00","dateModified":"2024-12-18T11:35:15+00:00","description":"La historia del tren en Honda representa un cap\u00edtulo fascinante en el desarrollo del transporte ferroviario en Colombia y en la regi\u00f3n andina.","breadcrumb":{"@id":"https:\/\/industriosos.com\/index.php\/ferrocarril-honda-la-dorada-y-sus-elementos\/#breadcrumb"},"inLanguage":"es-CO","potentialAction":[{"@type":"ReadAction","target":["https:\/\/industriosos.com\/index.php\/ferrocarril-honda-la-dorada-y-sus-elementos\/"]}]},{"@type":"BreadcrumbList","@id":"https:\/\/industriosos.com\/index.php\/ferrocarril-honda-la-dorada-y-sus-elementos\/#breadcrumb","itemListElement":[{"@type":"ListItem","position":1,"name":"Inicio","item":"https:\/\/industriosos.com\/"},{"@type":"ListItem","position":2,"name":"Ferrocarril Honda &#8211; La Dorada y sus elementos"}]},{"@type":"WebSite","@id":"https:\/\/industriosos.com\/#website","url":"https:\/\/industriosos.com\/","name":"Industriosos","description":"","publisher":{"@id":"https:\/\/industriosos.com\/#organization"},"potentialAction":[{"@type":"SearchAction","target":{"@type":"EntryPoint","urlTemplate":"https:\/\/industriosos.com\/?s={search_term_string}"},"query-input":{"@type":"PropertyValueSpecification","valueRequired":true,"valueName":"search_term_string"}}],"inLanguage":"es-CO"},{"@type":"Organization","@id":"https:\/\/industriosos.com\/#organization","name":"Industriosos","url":"https:\/\/industriosos.com\/","logo":{"@type":"ImageObject","inLanguage":"es-CO","@id":"https:\/\/industriosos.com\/#\/schema\/logo\/image\/","url":"https:\/\/industriosos.com\/wp-content\/uploads\/2024\/10\/cropped-logo-industriosos-Color-300.png","contentUrl":"https:\/\/industriosos.com\/wp-content\/uploads\/2024\/10\/cropped-logo-industriosos-Color-300.png","width":300,"height":100,"caption":"Industriosos"},"image":{"@id":"https:\/\/industriosos.com\/#\/schema\/logo\/image\/"},"sameAs":["https:\/\/www.facebook.com\/p\/Industriosos-61555850965002\/?fref=mentions&paipv=0&eav=Afb8Tq6p8b1qCWCh9_m_3XsSD066aquOeICFtDWtKTTAQ7I-iL16FaoSF_xysG-J76c&_rdr","https:\/\/www.instagram.com\/industriosos"]}]}},"_links":{"self":[{"href":"https:\/\/industriosos.com\/index.php\/wp-json\/wp\/v2\/pages\/1779","targetHints":{"allow":["GET"]}}],"collection":[{"href":"https:\/\/industriosos.com\/index.php\/wp-json\/wp\/v2\/pages"}],"about":[{"href":"https:\/\/industriosos.com\/index.php\/wp-json\/wp\/v2\/types\/page"}],"author":[{"embeddable":true,"href":"https:\/\/industriosos.com\/index.php\/wp-json\/wp\/v2\/users\/2"}],"replies":[{"embeddable":true,"href":"https:\/\/industriosos.com\/index.php\/wp-json\/wp\/v2\/comments?post=1779"}],"version-history":[{"count":10,"href":"https:\/\/industriosos.com\/index.php\/wp-json\/wp\/v2\/pages\/1779\/revisions"}],"predecessor-version":[{"id":1898,"href":"https:\/\/industriosos.com\/index.php\/wp-json\/wp\/v2\/pages\/1779\/revisions\/1898"}],"wp:attachment":[{"href":"https:\/\/industriosos.com\/index.php\/wp-json\/wp\/v2\/media?parent=1779"}],"curies":[{"name":"wp","href":"https:\/\/api.w.org\/{rel}","templated":true}]}}