{"id":1266,"date":"2021-09-22T16:25:06","date_gmt":"2021-09-22T16:25:06","guid":{"rendered":"http:\/\/industriosos.com\/?page_id=1266"},"modified":"2024-10-20T22:00:20","modified_gmt":"2024-10-20T22:00:20","slug":"industria-trilladora-honda-tolima","status":"publish","type":"page","link":"https:\/\/industriosos.com\/index.php\/industria-trilladora-honda-tolima\/","title":{"rendered":"\u00bfQu\u00e9 qued\u00f3 de la industria Trilladora?"},"content":{"rendered":"<div class=\"wpb-content-wrapper\"><p>[vc_row][vc_column][vc_empty_space][\/vc_column][\/vc_row][vc_row][vc_column css=&#8221;.vc_custom_1631828473627{background-color: #f7f7f7 !important;}&#8221;]<div id=\"ultimate-heading-525769f091063ba37\" class=\"uvc-heading ult-adjust-bottom-margin ultimate-heading-525769f091063ba37 uvc-7188 \" data-hspacer=\"line_only\"  data-halign=\"left\" style=\"text-align:left\"><div class=\"uvc-main-heading ult-responsive\"  data-ultimate-target='.uvc-heading.ultimate-heading-525769f091063ba37 h2'  data-responsive-json-new='{\"font-size\":\"desktop:30px;\",\"line-height\":\"\"}' ><h2 style=\"font-weight:bold;\">\u00bfQu\u00e9 qued\u00f3 de la industria Trilladora?<\/h2><\/div><div class=\"uvc-heading-spacer line_only\" style=\"topheight:1px;\"><span class=\"uvc-headings-line\" style=\"border-style:solid;border-bottom-width:1px;border-color:#da7e2d;width:80px;\"><\/span><\/div><\/div>[vc_empty_space]<div id=\"ultimate-heading-393569f091063bafa\" class=\"uvc-heading ult-adjust-bottom-margin ultimate-heading-393569f091063bafa uvc-8515 \" data-hspacer=\"line_only\"  data-halign=\"left\" style=\"text-align:left\"><div class=\"uvc-main-heading ult-responsive\"  data-ultimate-target='.uvc-heading.ultimate-heading-393569f091063bafa h2'  data-responsive-json-new='{\"font-size\":\"desktop:20px;\",\"line-height\":\"\"}' ><h2 style=\"font-weight:bold;\">Visita trilladoras barrio Bodega Sur<\/h2><\/div><div class=\"uvc-heading-spacer line_only\" style=\"topheight:1px;\"><span class=\"uvc-headings-line\" style=\"border-style:solid;border-bottom-width:1px;border-color:#da7e2d;width:80px;\"><\/span><\/div><\/div>[vc_empty_space][vc_column_text]El semillero de investigaci\u00f3n de la <strong>Casa Museo Alfonso L\u00f3pez Pumarejo<\/strong> realiz\u00f3 una visita\u00a0 donde funcionaron varias trilladoras como la <strong>Gual\u00ed,<\/strong> <strong>Caf\u00e9 Maravilla y Bodega Sur<\/strong>\u00a0las cuales se ubican en el Barrio Bodega Sur, que colinda con el hoy llamado malec\u00f3n tur\u00edstico en <strong>Honda Tolima<\/strong>; durante el recorrido se observa una infraestructura con paredes en calicanto, de dos plantas, techos en forma de cubierta a dos aguas y teja de zinc, donde funcion\u00f3 la <strong>trilladora Gual\u00ed<\/strong> y por gestiones del Director de la Casa Museo se dio la oportunidad de entrar en dicha infraestructura y recrear \u00a0un\u00a0 poco m\u00e1s su historia.[\/vc_column_text][vc_row_inner][vc_column_inner width=&#8221;1\/2&#8243;][vc_single_image image=&#8221;1521&#8243; img_size=&#8221;full&#8221;][\/vc_column_inner][vc_column_inner width=&#8221;1\/2&#8243;][vc_column_text]Empezando el recorrido, los presentes relataron lo que saben o han escuchado sobre las trilladoras y lo que aconteci\u00f3 en el sector del malec\u00f3n, uno de nuestros integrantes relata \u201cque en la segunda mitad del siglo XIX comenz\u00f3 a florecer la gran importancia del r\u00edo Magdalena en la navegaci\u00f3n, que Ambalema empez\u00f3 a producir tabaco y el libre cambio comenz\u00f3 a moverse en la exportaci\u00f3n, en ese momento tuvo un gran auge el tema cafetero junto con el tabaco que ven\u00edan de todas las monta\u00f1as que rodean el r\u00edo convirtiendo a Honda en centro de acopio y de distribuci\u00f3n, y lo vieron como un buen negocio \u00bfpero qui\u00e9nes lo vieron?, los hondanos no, lo vieron los de afuera\u201d, y continua con el relato diciendo \u201cMariquita era la capital y Honda era el embarcadero, y Mariquita hacia el lado de Falan hab\u00edan unas minas de oro de los m\u00e1s incre\u00edble de esa \u00e9poca y hab\u00edan esclavos, primero los ind\u00edgenas que fueron agotando hasta m\u00e1s no poder, mi pap\u00e1 me dec\u00eda mijo: -\u201ceso eran muladas de oro\u201d\u2026Entonces tambi\u00e9n la afluencia de metales preciosos a nivel de exportaci\u00f3n era enorme y todo era por barco, no solamente mercanc\u00eda sino tambi\u00e9n de personas\u201d.[\/vc_column_text][\/vc_column_inner][\/vc_row_inner][vc_row_inner][vc_column_inner][vc_column_text]Tiberio Murcia tambi\u00e9n relata que di\u00e1logo con <strong>Jes\u00fas Caldas<\/strong> uno de los trabajadores de la trilladora Gual\u00ed y \u00e9l le cont\u00f3 que \u201cesta trilladora se llamaba <strong>Ivor <\/strong>cuyo propietario era el se\u00f1or <strong>Hywell Hughes<\/strong> qui\u00e9n luego la vendi\u00f3 a <strong>Hely Trujillo Ram\u00edrez<\/strong> y despu\u00e9s pas\u00f3 a manos del se\u00f1or Humberto Zamorano\u201d.<\/p>\n<p>En la \u00e9poca del ferrocarril en Honda, en el<strong> Barrio Bodega Sur y Santa Luc\u00eda<\/strong>, se edificaron casas de <strong>\u201cTabla Parada\u201d<\/strong>, construidas por la afluencia de migrantes que trajo el caf\u00e9, la miner\u00eda y el ferrocarril. Uno de los habitantes de ese sector cuenta que en una de esas casas hab\u00eda un s\u00f3tano donde almacenaban bultos de caf\u00e9 y que observ\u00f3 cuando los due\u00f1os de la casa le echaban piedras al saco para que este pesara m\u00e1s, pero luego con el tiempo pudieron percatarse de ello.<\/p>\n<p>En el Malec\u00f3n observamos una piedra conocida como piedra rusia (por su color y forma), ubicada a mano derecha cerca al <strong>Puente Navarro<\/strong>. Honda fue una ciudad amurallada con piedra y es por esto que se construyeron en forma de zigzag para que recibiera las oleadas del <strong>r\u00edo Magdalena<\/strong>.<\/p>\n<p>Despu\u00e9s de este recorrido hist\u00f3rico se ingres\u00f3 a la infraestructura donde funcion\u00f3 la Trilladora Gual\u00ed y se logr\u00f3 observar el estado de la misma.[\/vc_column_text][\/vc_column_inner][\/vc_row_inner][\/vc_column][\/vc_row][vc_row][vc_column][vc_empty_space]<div id=\"ultimate-heading-382269f091063bbd6\" class=\"uvc-heading ult-adjust-bottom-margin ultimate-heading-382269f091063bbd6 uvc-2049 \" data-hspacer=\"line_only\"  data-halign=\"left\" style=\"text-align:left\"><div class=\"uvc-main-heading ult-responsive\"  data-ultimate-target='.uvc-heading.ultimate-heading-382269f091063bbd6 h2'  data-responsive-json-new='{\"font-size\":\"desktop:20px;\",\"line-height\":\"\"}' ><h2 style=\"font-weight:bold;\">La trilladora de caf\u00e9 Los Andes en el tiempo:<\/h2><\/div><div class=\"uvc-heading-spacer line_only\" style=\"topheight:1px;\"><span class=\"uvc-headings-line\" style=\"border-style:solid;border-bottom-width:1px;border-color:#da7e2d;width:80px;\"><\/span><\/div><\/div>[vc_empty_space][vc_raw_html]JTNDZGl2JTIwY2xhc3MlM0QlMjJwYWRsZXQtZW1iZWQlMjIlMjBzdHlsZSUzRCUyMmJvcmRlciUzQTFweCUyMHNvbGlkJTIwcmdiYSUyODAlMkMwJTJDMCUyQzAuMSUyOSUzQmJvcmRlci1yYWRpdXMlM0EycHglM0Jib3gtc2l6aW5nJTNBYm9yZGVyLWJveCUzQm92ZXJmbG93JTNBaGlkZGVuJTNCcG9zaXRpb24lM0FyZWxhdGl2ZSUzQndpZHRoJTNBMTAwJTI1JTNCYmFja2dyb3VuZCUzQSUyM0Y0RjRGNCUyMiUzRSUzQ3AlMjBzdHlsZSUzRCUyMnBhZGRpbmclM0EwJTNCbWFyZ2luJTNBMCUyMiUzRSUzQ2lmcmFtZSUyMHNyYyUzRCUyMmh0dHBzJTNBJTJGJTJGcGFkbGV0LmNvbSUyRmVtYmVkJTJGY3Nnem12OGpqeWM4MDRydSUyMiUyMGZyYW1lYm9yZGVyJTNEJTIyMCUyMiUyMGFsbG93JTNEJTIyY2FtZXJhJTNCbWljcm9waG9uZSUzQmdlb2xvY2F0aW9uJTIyJTIwc3R5bGUlM0QlMjJ3aWR0aCUzQTEwMCUyNSUzQmhlaWdodCUzQTYwOHB4JTNCZGlzcGxheSUzQWJsb2NrJTNCcGFkZGluZyUzQTAlM0JtYXJnaW4lM0EwJTIyJTNFJTNDJTJGaWZyYW1lJTNFJTNDJTJGcCUzRSUzQ2RpdiUyMHN0eWxlJTNEJTIyZGlzcGxheSUzQWZsZXglM0JhbGlnbi1pdGVtcyUzQWNlbnRlciUzQmp1c3RpZnktY29udGVudCUzQWVuZCUzQm1hcmdpbiUzQTAlM0JoZWlnaHQlM0EyOHB4JTIyJTNFJTNDYSUyMGhyZWYlM0QlMjJodHRwcyUzQSUyRiUyRnBhZGxldC5jb20lM0ZyZWYlM0RlbWJlZCUyMiUyMHN0eWxlJTNEJTIyZGlzcGxheSUzQWJsb2NrJTNCZmxleC1ncm93JTNBMCUzQm1hcmdpbiUzQTAlM0Jib3JkZXIlM0Fub25lJTNCcGFkZGluZyUzQTAlM0J0ZXh0LWRlY29yYXRpb24lM0Fub25lJTIyJTIwdGFyZ2V0JTNEJTIyX2JsYW5rJTIyJTNFJTNDZGl2JTIwc3R5bGUlM0QlMjJkaXNwbGF5JTNBZmxleCUzQmFsaWduLWl0ZW1zJTNBY2VudGVyJTNCJTIyJTNFJTNDaW1nJTIwc3JjJTNEJTIyaHR0cHMlM0ElMkYlMkZwYWRsZXQubmV0JTJGZW1iZWRzJTJGbWFkZV93aXRoX3BhZGxldF8yMDIyLnBuZyUyMiUyMHdpZHRoJTNEJTIyMTE0JTIyJTIwaGVpZ2h0JTNEJTIyMjglMjIlMjBzdHlsZSUzRCUyMnBhZGRpbmclM0EwJTNCbWFyZ2luJTNBMCUzQmJhY2tncm91bmQlM0EwJTIwMCUzQmJvcmRlciUzQW5vbmUlM0Jib3gtc2hhZG93JTNBbm9uZSUyMiUyMGFsdCUzRCUyMkhlY2hvJTIwY29uJTIwUGFkbGV0JTIyJTNFJTNDJTJGZGl2JTNFJTNDJTJGYSUzRSUzQyUyRmRpdiUzRSUzQyUyRmRpdiUzRQ==[\/vc_raw_html][\/vc_column][\/vc_row][vc_row][vc_column]<div id=\"ultimate-heading-196369f091063bc5d\" class=\"uvc-heading ult-adjust-bottom-margin ultimate-heading-196369f091063bc5d uvc-7014 \" data-hspacer=\"no_spacer\"  data-halign=\"left\" style=\"text-align:left\"><div class=\"uvc-heading-spacer no_spacer\" style=\"top\"><\/div><div class=\"uvc-main-heading ult-responsive\"  data-ultimate-target='.uvc-heading.ultimate-heading-196369f091063bc5d h2'  data-responsive-json-new='{\"font-size\":\"desktop:20px;\",\"line-height\":\"\"}' ><h2 style=\"font-weight:bold;\">\u00bfQu\u00e9 elementos identifican al barrio Bodega Sur?<\/h2><\/div><\/div>[vc_single_image image=&#8221;1728&#8243; img_size=&#8221;full&#8221; alignment=&#8221;center&#8221; onclick=&#8221;link_image&#8221;][\/vc_column][\/vc_row]<\/p>\n<\/div>","protected":false},"excerpt":{"rendered":"<p>[vc_row][vc_column][vc_empty_space][\/vc_column][\/vc_row][vc_row][vc_column css=&#8221;.vc_custom_1631828473627{background-color: #f7f7f7 !important;}&#8221;][vc_empty_space][vc_empty_space][vc_column_text]El semillero de investigaci\u00f3n de la Casa Museo Alfonso L\u00f3pez Pumarejo realiz\u00f3 una visita\u00a0 donde funcionaron varias trilladoras como la Gual\u00ed, Caf\u00e9 Maravilla y Bodega Sur\u00a0las cuales se ubican en el Barrio Bodega Sur, que colinda con el hoy llamado malec\u00f3n tur\u00edstico en Honda Tolima; durante el recorrido se observa una infraestructura [&hellip;]<\/p>\n","protected":false},"author":2,"featured_media":0,"parent":0,"menu_order":0,"comment_status":"closed","ping_status":"closed","template":"","meta":{"om_disable_all_campaigns":false,"_monsterinsights_skip_tracking":false,"_monsterinsights_sitenote_active":false,"_monsterinsights_sitenote_note":"","_monsterinsights_sitenote_category":0,"site-sidebar-layout":"no-sidebar","site-content-layout":"plain-container","ast-site-content-layout":"normal-width-container","site-content-style":"unboxed","site-sidebar-style":"unboxed","ast-global-header-display":"","ast-banner-title-visibility":"","ast-main-header-display":"","ast-hfb-above-header-display":"","ast-hfb-below-header-display":"","ast-hfb-mobile-header-display":"","site-post-title":"disabled","ast-breadcrumbs-content":"","ast-featured-img":"disabled","footer-sml-layout":"","theme-transparent-header-meta":"default","adv-header-id-meta":"","stick-header-meta":"","header-above-stick-meta":"","header-main-stick-meta":"","header-below-stick-meta":"","astra-migrate-meta-layouts":"set","ast-page-background-enabled":"default","ast-page-background-meta":{"desktop":{"background-color":"","background-image":"","background-repeat":"repeat","background-position":"center center","background-size":"auto","background-attachment":"scroll","background-type":"","background-media":"","overlay-type":"","overlay-color":"","overlay-opacity":"","overlay-gradient":""},"tablet":{"background-color":"","background-image":"","background-repeat":"repeat","background-position":"center center","background-size":"auto","background-attachment":"scroll","background-type":"","background-media":"","overlay-type":"","overlay-color":"","overlay-opacity":"","overlay-gradient":""},"mobile":{"background-color":"","background-image":"","background-repeat":"repeat","background-position":"center center","background-size":"auto","background-attachment":"scroll","background-type":"","background-media":"","overlay-type":"","overlay-color":"","overlay-opacity":"","overlay-gradient":""}},"ast-content-background-meta":{"desktop":{"background-color":"var(--ast-global-color-5)","background-image":"","background-repeat":"repeat","background-position":"center center","background-size":"auto","background-attachment":"scroll","background-type":"","background-media":"","overlay-type":"","overlay-color":"","overlay-opacity":"","overlay-gradient":""},"tablet":{"background-color":"var(--ast-global-color-5)","background-image":"","background-repeat":"repeat","background-position":"center center","background-size":"auto","background-attachment":"scroll","background-type":"","background-media":"","overlay-type":"","overlay-color":"","overlay-opacity":"","overlay-gradient":""},"mobile":{"background-color":"var(--ast-global-color-5)","background-image":"","background-repeat":"repeat","background-position":"center center","background-size":"auto","background-attachment":"scroll","background-type":"","background-media":"","overlay-type":"","overlay-color":"","overlay-opacity":"","overlay-gradient":""}},"footnotes":""},"class_list":["post-1266","page","type-page","status-publish","hentry"],"yoast_head":"<!-- This site is optimized with the Yoast SEO plugin v24.0 - https:\/\/yoast.com\/wordpress\/plugins\/seo\/ -->\n<title>Industriosos | Industria Trilladora Honda<\/title>\n<meta name=\"description\" content=\"La Casa Museo Alfonso L\u00f3pez Pumarejo realiz\u00f3 una visita\u00a0 donde funcionaron varias trilladoras como la Gual\u00ed, Caf\u00e9 Maravilla y Bodega Sur.\" \/>\n<meta name=\"robots\" content=\"index, follow, max-snippet:-1, max-image-preview:large, max-video-preview:-1\" \/>\n<link rel=\"canonical\" href=\"https:\/\/industriosos.com\/index.php\/industria-trilladora-honda-tolima\/\" \/>\n<meta property=\"og:locale\" content=\"es_ES\" \/>\n<meta property=\"og:type\" content=\"article\" \/>\n<meta property=\"og:title\" content=\"Industriosos | Industria Trilladora Honda\" \/>\n<meta property=\"og:description\" content=\"La Casa Museo Alfonso L\u00f3pez Pumarejo realiz\u00f3 una visita\u00a0 donde funcionaron varias trilladoras como la Gual\u00ed, Caf\u00e9 Maravilla y Bodega Sur.\" \/>\n<meta property=\"og:url\" content=\"https:\/\/industriosos.com\/index.php\/industria-trilladora-honda-tolima\/\" \/>\n<meta property=\"article:publisher\" content=\"https:\/\/www.facebook.com\/p\/Industriosos-61555850965002\/?fref=mentions&amp;paipv=0&amp;eav=Afb8Tq6p8b1qCWCh9_m_3XsSD066aquOeICFtDWtKTTAQ7I-iL16FaoSF_xysG-J76c&amp;_rdr\" \/>\n<meta property=\"article:modified_time\" content=\"2024-10-20T22:00:20+00:00\" \/>\n<meta name=\"twitter:card\" content=\"summary_large_image\" \/>\n<meta name=\"twitter:label1\" content=\"Tiempo de lectura\" \/>\n\t<meta name=\"twitter:data1\" content=\"3 minutos\" \/>\n<script type=\"application\/ld+json\" class=\"yoast-schema-graph\">{\"@context\":\"https:\/\/schema.org\",\"@graph\":[{\"@type\":\"WebPage\",\"@id\":\"https:\/\/industriosos.com\/index.php\/industria-trilladora-honda-tolima\/\",\"url\":\"https:\/\/industriosos.com\/index.php\/industria-trilladora-honda-tolima\/\",\"name\":\"Industriosos | Industria Trilladora Honda\",\"isPartOf\":{\"@id\":\"https:\/\/industriosos.com\/#website\"},\"datePublished\":\"2021-09-22T16:25:06+00:00\",\"dateModified\":\"2024-10-20T22:00:20+00:00\",\"description\":\"La Casa Museo Alfonso L\u00f3pez Pumarejo realiz\u00f3 una visita\u00a0 donde funcionaron varias trilladoras como la Gual\u00ed, Caf\u00e9 Maravilla y Bodega Sur.\",\"breadcrumb\":{\"@id\":\"https:\/\/industriosos.com\/index.php\/industria-trilladora-honda-tolima\/#breadcrumb\"},\"inLanguage\":\"es-CO\",\"potentialAction\":[{\"@type\":\"ReadAction\",\"target\":[\"https:\/\/industriosos.com\/index.php\/industria-trilladora-honda-tolima\/\"]}]},{\"@type\":\"BreadcrumbList\",\"@id\":\"https:\/\/industriosos.com\/index.php\/industria-trilladora-honda-tolima\/#breadcrumb\",\"itemListElement\":[{\"@type\":\"ListItem\",\"position\":1,\"name\":\"Inicio\",\"item\":\"https:\/\/industriosos.com\/\"},{\"@type\":\"ListItem\",\"position\":2,\"name\":\"\u00bfQu\u00e9 qued\u00f3 de la industria Trilladora?\"}]},{\"@type\":\"WebSite\",\"@id\":\"https:\/\/industriosos.com\/#website\",\"url\":\"https:\/\/industriosos.com\/\",\"name\":\"Industriosos\",\"description\":\"\",\"publisher\":{\"@id\":\"https:\/\/industriosos.com\/#organization\"},\"potentialAction\":[{\"@type\":\"SearchAction\",\"target\":{\"@type\":\"EntryPoint\",\"urlTemplate\":\"https:\/\/industriosos.com\/?s={search_term_string}\"},\"query-input\":{\"@type\":\"PropertyValueSpecification\",\"valueRequired\":true,\"valueName\":\"search_term_string\"}}],\"inLanguage\":\"es-CO\"},{\"@type\":\"Organization\",\"@id\":\"https:\/\/industriosos.com\/#organization\",\"name\":\"Industriosos\",\"url\":\"https:\/\/industriosos.com\/\",\"logo\":{\"@type\":\"ImageObject\",\"inLanguage\":\"es-CO\",\"@id\":\"https:\/\/industriosos.com\/#\/schema\/logo\/image\/\",\"url\":\"https:\/\/industriosos.com\/wp-content\/uploads\/2024\/10\/cropped-logo-industriosos-Color-300.png\",\"contentUrl\":\"https:\/\/industriosos.com\/wp-content\/uploads\/2024\/10\/cropped-logo-industriosos-Color-300.png\",\"width\":300,\"height\":100,\"caption\":\"Industriosos\"},\"image\":{\"@id\":\"https:\/\/industriosos.com\/#\/schema\/logo\/image\/\"},\"sameAs\":[\"https:\/\/www.facebook.com\/p\/Industriosos-61555850965002\/?fref=mentions&paipv=0&eav=Afb8Tq6p8b1qCWCh9_m_3XsSD066aquOeICFtDWtKTTAQ7I-iL16FaoSF_xysG-J76c&_rdr\",\"https:\/\/www.instagram.com\/industriosos\"]}]}<\/script>\n<!-- \/ Yoast SEO plugin. -->","yoast_head_json":{"title":"Industriosos | Industria Trilladora Honda","description":"La Casa Museo Alfonso L\u00f3pez Pumarejo realiz\u00f3 una visita\u00a0 donde funcionaron varias trilladoras como la Gual\u00ed, Caf\u00e9 Maravilla y Bodega Sur.","robots":{"index":"index","follow":"follow","max-snippet":"max-snippet:-1","max-image-preview":"max-image-preview:large","max-video-preview":"max-video-preview:-1"},"canonical":"https:\/\/industriosos.com\/index.php\/industria-trilladora-honda-tolima\/","og_locale":"es_ES","og_type":"article","og_title":"Industriosos | Industria Trilladora Honda","og_description":"La Casa Museo Alfonso L\u00f3pez Pumarejo realiz\u00f3 una visita\u00a0 donde funcionaron varias trilladoras como la Gual\u00ed, Caf\u00e9 Maravilla y Bodega Sur.","og_url":"https:\/\/industriosos.com\/index.php\/industria-trilladora-honda-tolima\/","article_publisher":"https:\/\/www.facebook.com\/p\/Industriosos-61555850965002\/?fref=mentions&paipv=0&eav=Afb8Tq6p8b1qCWCh9_m_3XsSD066aquOeICFtDWtKTTAQ7I-iL16FaoSF_xysG-J76c&_rdr","article_modified_time":"2024-10-20T22:00:20+00:00","twitter_card":"summary_large_image","twitter_misc":{"Tiempo de lectura":"3 minutos"},"schema":{"@context":"https:\/\/schema.org","@graph":[{"@type":"WebPage","@id":"https:\/\/industriosos.com\/index.php\/industria-trilladora-honda-tolima\/","url":"https:\/\/industriosos.com\/index.php\/industria-trilladora-honda-tolima\/","name":"Industriosos | Industria Trilladora Honda","isPartOf":{"@id":"https:\/\/industriosos.com\/#website"},"datePublished":"2021-09-22T16:25:06+00:00","dateModified":"2024-10-20T22:00:20+00:00","description":"La Casa Museo Alfonso L\u00f3pez Pumarejo realiz\u00f3 una visita\u00a0 donde funcionaron varias trilladoras como la Gual\u00ed, Caf\u00e9 Maravilla y Bodega Sur.","breadcrumb":{"@id":"https:\/\/industriosos.com\/index.php\/industria-trilladora-honda-tolima\/#breadcrumb"},"inLanguage":"es-CO","potentialAction":[{"@type":"ReadAction","target":["https:\/\/industriosos.com\/index.php\/industria-trilladora-honda-tolima\/"]}]},{"@type":"BreadcrumbList","@id":"https:\/\/industriosos.com\/index.php\/industria-trilladora-honda-tolima\/#breadcrumb","itemListElement":[{"@type":"ListItem","position":1,"name":"Inicio","item":"https:\/\/industriosos.com\/"},{"@type":"ListItem","position":2,"name":"\u00bfQu\u00e9 qued\u00f3 de la industria Trilladora?"}]},{"@type":"WebSite","@id":"https:\/\/industriosos.com\/#website","url":"https:\/\/industriosos.com\/","name":"Industriosos","description":"","publisher":{"@id":"https:\/\/industriosos.com\/#organization"},"potentialAction":[{"@type":"SearchAction","target":{"@type":"EntryPoint","urlTemplate":"https:\/\/industriosos.com\/?s={search_term_string}"},"query-input":{"@type":"PropertyValueSpecification","valueRequired":true,"valueName":"search_term_string"}}],"inLanguage":"es-CO"},{"@type":"Organization","@id":"https:\/\/industriosos.com\/#organization","name":"Industriosos","url":"https:\/\/industriosos.com\/","logo":{"@type":"ImageObject","inLanguage":"es-CO","@id":"https:\/\/industriosos.com\/#\/schema\/logo\/image\/","url":"https:\/\/industriosos.com\/wp-content\/uploads\/2024\/10\/cropped-logo-industriosos-Color-300.png","contentUrl":"https:\/\/industriosos.com\/wp-content\/uploads\/2024\/10\/cropped-logo-industriosos-Color-300.png","width":300,"height":100,"caption":"Industriosos"},"image":{"@id":"https:\/\/industriosos.com\/#\/schema\/logo\/image\/"},"sameAs":["https:\/\/www.facebook.com\/p\/Industriosos-61555850965002\/?fref=mentions&paipv=0&eav=Afb8Tq6p8b1qCWCh9_m_3XsSD066aquOeICFtDWtKTTAQ7I-iL16FaoSF_xysG-J76c&_rdr","https:\/\/www.instagram.com\/industriosos"]}]}},"_links":{"self":[{"href":"https:\/\/industriosos.com\/index.php\/wp-json\/wp\/v2\/pages\/1266","targetHints":{"allow":["GET"]}}],"collection":[{"href":"https:\/\/industriosos.com\/index.php\/wp-json\/wp\/v2\/pages"}],"about":[{"href":"https:\/\/industriosos.com\/index.php\/wp-json\/wp\/v2\/types\/page"}],"author":[{"embeddable":true,"href":"https:\/\/industriosos.com\/index.php\/wp-json\/wp\/v2\/users\/2"}],"replies":[{"embeddable":true,"href":"https:\/\/industriosos.com\/index.php\/wp-json\/wp\/v2\/comments?post=1266"}],"version-history":[{"count":16,"href":"https:\/\/industriosos.com\/index.php\/wp-json\/wp\/v2\/pages\/1266\/revisions"}],"predecessor-version":[{"id":1732,"href":"https:\/\/industriosos.com\/index.php\/wp-json\/wp\/v2\/pages\/1266\/revisions\/1732"}],"wp:attachment":[{"href":"https:\/\/industriosos.com\/index.php\/wp-json\/wp\/v2\/media?parent=1266"}],"curies":[{"name":"wp","href":"https:\/\/api.w.org\/{rel}","templated":true}]}}