{"id":1239,"date":"2021-09-16T21:25:44","date_gmt":"2021-09-16T21:25:44","guid":{"rendered":"http:\/\/industriosos.com\/?page_id=1239"},"modified":"2024-09-20T01:01:48","modified_gmt":"2024-09-20T01:01:48","slug":"por-que-investigar-en-patrimonio-industrial-en-honda-tolima","status":"publish","type":"page","link":"https:\/\/industriosos.com\/index.php\/por-que-investigar-en-patrimonio-industrial-en-honda-tolima\/","title":{"rendered":"\u00bfPor qu\u00e9 investigar el patrimonio industrial en Honda, Tolima?"},"content":{"rendered":"<div class=\"wpb-content-wrapper\"><p>[vc_row][vc_column][vc_empty_space]<div id=\"ultimate-heading-499669ee21757121d\" class=\"uvc-heading ult-adjust-bottom-margin ultimate-heading-499669ee21757121d uvc-5551 \" data-hspacer=\"line_only\"  data-halign=\"left\" style=\"text-align:left\"><div class=\"uvc-main-heading ult-responsive\"  data-ultimate-target='.uvc-heading.ultimate-heading-499669ee21757121d h2'  data-responsive-json-new='{\"font-size\":\"desktop:30px;\",\"line-height\":\"\"}' ><h2 style=\"font-weight:bold;\">\u00bfPor qu\u00e9 investigar el patrimonio industrial en Honda, Tolima?<\/h2><\/div><div class=\"uvc-heading-spacer line_only\" style=\"topheight:1px;\"><span class=\"uvc-headings-line\" style=\"border-style:solid;border-bottom-width:1px;border-color:#da7e2d;width:80px;\"><\/span><\/div><\/div>[vc_empty_space][\/vc_column][\/vc_row][vc_row css=&#8221;.vc_custom_1632869422822{background-color: #f4f4f4 !important;}&#8221;][vc_column][vc_row_inner][vc_column_inner width=&#8221;1\/2&#8243;][vc_single_image image=&#8221;1519&#8243; img_size=&#8221;full&#8221;]<div class=\"aio-icon-component    style_1\"><div id=\"Info-box-wrap-7049\" class=\"aio-icon-box square_box-icon\" style=\"border-color:#c9c9c9;background-color:#dddddd;\"  ><div class=\"aio-icon-description ult-responsive\"  data-ultimate-target='#Info-box-wrap-7049 .aio-icon-description'  data-responsive-json-new='{\"font-size\":\"\",\"line-height\":\"\"}'  style=\"\"><span style=\"font-weight: 400;\">Molinos de San Pedro, Honda donde Pedro A. L\u00f3pez construy\u00f3 una trilladora y un molino de caf\u00e9.<\/span><\/div> <!-- description --><\/div> <!-- aio-icon-box --><\/div> <!-- aio-icon-component -->[\/vc_column_inner][vc_column_inner width=&#8221;1\/2&#8243;][vc_column_text]<strong>Honda, Tolima, es un municipio privilegiado no s\u00f3lo por su posici\u00f3n geogr\u00e1fica, con el paso del r\u00edo Magdalena, sino tambi\u00e9n por la gran abundancia de recursos materiales e inmateriales<\/strong> con que ha contado desde la \u00e9poca colonial, entre los siglos XIX y XX. En ese sentido, la riqueza de Honda es abundante, m\u00e1s que muchas de las otras poblaciones de los alrededores y del territorio nacional.<\/p>\n<p>Por lo anterior, se ha venido trabajando en visibilizar la riqueza cultural del municipio desde lo institucional con la creaci\u00f3n de la <strong>Casa Museo Alfonso L\u00f3pez Pumarejo<\/strong> y desde las expresiones organizadas de los ciudadanos (el baile, las ferias de arte popular, etc).<\/p>\n<p>La importancia de investigar sobre <strong>patrimonio industrial <\/strong>en el municipio de Honda se vincula tambi\u00e9n con el proceso de divulgaci\u00f3n y difusi\u00f3n de estas investigaciones, que no s\u00f3lo sirve para enterar a otros investigadores, sino tambi\u00e9n <strong>para que los habitantes del municipio conozcan los procesos que se dieron en el lugar donde habitan, como tambi\u00e9n tenga una apropiaci\u00f3n de los procesos emprendidos por la Casa Museo Alfonso L\u00f3pez Pumarejo.<\/strong>[\/vc_column_text][\/vc_column_inner][\/vc_row_inner][vc_column_text]Siguiendo lo anterior, se podr\u00eda agregar que es importante emprender investigaciones en la regi\u00f3n y especialmente en este tema del patrimonio industrial, que puede catapultar el turismo. Del mismo modo, al llevar a cabo investigaciones desde la regi\u00f3n y desde un peque\u00f1o museo, se puede articular con otros museos del <strong>Ministerio de las Culturas, las Artes y los Saberes<\/strong>, el conocimiento sobre el patrimonio industrial, poco reconocido y conocido tanto dentro como fuera de los museos, conectadas con\u00a0 las investigaciones realizadas sobre la industria por la Casa Museo Alfonso L\u00f3pez Pumarejo.<\/p>\n<p>Es importante resaltar que la Casa Museo Alfonso L\u00f3pez Pumarejo, lugar donde vivi\u00f3 sus primeros ocho a\u00f1os el que fuera presidente de Colombia de 1934 \u2013 1938 y de 1942 \u2013 1945, fue un sitio importante tambi\u00e9n al ser una de las bodegas donde el pap\u00e1 del se\u00f1or Alfonso L\u00f3pez, es decir, el se\u00f1or<strong> Pedro A. L\u00f3pez particip\u00f3 del gran auge cafetero que se dio en esta regi\u00f3n; primero como comerciante, despu\u00e9s como exportador<\/strong> y por \u00faltimo con su experiencia exitosa en el sector bancario con el Banco L\u00f3pez, lo anterior, cuando se radica con su familia a la ciudad de Bogot\u00e1.[\/vc_column_text][\/vc_column][\/vc_row]<\/p>\n<\/div>","protected":false},"excerpt":{"rendered":"<p>[vc_row][vc_column][vc_empty_space][vc_empty_space][\/vc_column][\/vc_row][vc_row css=&#8221;.vc_custom_1632869422822{background-color: #f4f4f4 !important;}&#8221;][vc_column][vc_row_inner][vc_column_inner width=&#8221;1\/2&#8243;][vc_single_image image=&#8221;1519&#8243; img_size=&#8221;full&#8221;][\/vc_column_inner][vc_column_inner width=&#8221;1\/2&#8243;][vc_column_text]Honda, Tolima, es un municipio privilegiado no s\u00f3lo por su posici\u00f3n geogr\u00e1fica, con el paso del r\u00edo Magdalena, sino tambi\u00e9n por la gran abundancia de recursos materiales e inmateriales con que ha contado desde la \u00e9poca colonial, entre los siglos XIX y XX. En ese sentido, la riqueza [&hellip;]<\/p>\n","protected":false},"author":2,"featured_media":0,"parent":0,"menu_order":0,"comment_status":"closed","ping_status":"closed","template":"","meta":{"om_disable_all_campaigns":false,"_monsterinsights_skip_tracking":false,"_monsterinsights_sitenote_active":false,"_monsterinsights_sitenote_note":"","_monsterinsights_sitenote_category":0,"site-sidebar-layout":"no-sidebar","site-content-layout":"plain-container","ast-site-content-layout":"","site-content-style":"default","site-sidebar-style":"default","ast-global-header-display":"","ast-banner-title-visibility":"","ast-main-header-display":"","ast-hfb-above-header-display":"","ast-hfb-below-header-display":"","ast-hfb-mobile-header-display":"","site-post-title":"disabled","ast-breadcrumbs-content":"","ast-featured-img":"disabled","footer-sml-layout":"","theme-transparent-header-meta":"default","adv-header-id-meta":"","stick-header-meta":"","header-above-stick-meta":"","header-main-stick-meta":"","header-below-stick-meta":"","astra-migrate-meta-layouts":"default","ast-page-background-enabled":"default","ast-page-background-meta":{"desktop":{"background-color":"","background-image":"","background-repeat":"repeat","background-position":"center center","background-size":"auto","background-attachment":"scroll","background-type":"","background-media":"","overlay-type":"","overlay-color":"","overlay-opacity":"","overlay-gradient":""},"tablet":{"background-color":"","background-image":"","background-repeat":"repeat","background-position":"center center","background-size":"auto","background-attachment":"scroll","background-type":"","background-media":"","overlay-type":"","overlay-color":"","overlay-opacity":"","overlay-gradient":""},"mobile":{"background-color":"","background-image":"","background-repeat":"repeat","background-position":"center center","background-size":"auto","background-attachment":"scroll","background-type":"","background-media":"","overlay-type":"","overlay-color":"","overlay-opacity":"","overlay-gradient":""}},"ast-content-background-meta":{"desktop":{"background-color":"var(--ast-global-color-5)","background-image":"","background-repeat":"repeat","background-position":"center center","background-size":"auto","background-attachment":"scroll","background-type":"","background-media":"","overlay-type":"","overlay-color":"","overlay-opacity":"","overlay-gradient":""},"tablet":{"background-color":"var(--ast-global-color-5)","background-image":"","background-repeat":"repeat","background-position":"center center","background-size":"auto","background-attachment":"scroll","background-type":"","background-media":"","overlay-type":"","overlay-color":"","overlay-opacity":"","overlay-gradient":""},"mobile":{"background-color":"var(--ast-global-color-5)","background-image":"","background-repeat":"repeat","background-position":"center center","background-size":"auto","background-attachment":"scroll","background-type":"","background-media":"","overlay-type":"","overlay-color":"","overlay-opacity":"","overlay-gradient":""}},"footnotes":""},"class_list":["post-1239","page","type-page","status-publish","hentry"],"yoast_head":"<!-- This site is optimized with the Yoast SEO plugin v24.0 - https:\/\/yoast.com\/wordpress\/plugins\/seo\/ -->\n<title>Industriosos | Patrimonio industrial en Honda<\/title>\n<meta name=\"description\" content=\"El patrimonio insdustrial de Honda es abundante, m\u00e1s que muchas de las otras poblaciones de los alrededores y del territorio nacional.\" \/>\n<meta name=\"robots\" content=\"index, follow, max-snippet:-1, max-image-preview:large, max-video-preview:-1\" \/>\n<link rel=\"canonical\" href=\"https:\/\/industriosos.com\/index.php\/por-que-investigar-en-patrimonio-industrial-en-honda-tolima\/\" \/>\n<meta property=\"og:locale\" content=\"es_ES\" \/>\n<meta property=\"og:type\" content=\"article\" \/>\n<meta property=\"og:title\" content=\"Industriosos | Patrimonio industrial en Honda\" \/>\n<meta property=\"og:description\" content=\"El patrimonio insdustrial de Honda es abundante, m\u00e1s que muchas de las otras poblaciones de los alrededores y del territorio nacional.\" \/>\n<meta property=\"og:url\" content=\"https:\/\/industriosos.com\/index.php\/por-que-investigar-en-patrimonio-industrial-en-honda-tolima\/\" \/>\n<meta property=\"article:publisher\" content=\"https:\/\/www.facebook.com\/p\/Industriosos-61555850965002\/?fref=mentions&amp;paipv=0&amp;eav=Afb8Tq6p8b1qCWCh9_m_3XsSD066aquOeICFtDWtKTTAQ7I-iL16FaoSF_xysG-J76c&amp;_rdr\" \/>\n<meta property=\"article:modified_time\" content=\"2024-09-20T01:01:48+00:00\" \/>\n<meta name=\"twitter:card\" content=\"summary_large_image\" \/>\n<meta name=\"twitter:label1\" content=\"Tiempo de lectura\" \/>\n\t<meta name=\"twitter:data1\" content=\"2 minutos\" \/>\n<script type=\"application\/ld+json\" class=\"yoast-schema-graph\">{\"@context\":\"https:\/\/schema.org\",\"@graph\":[{\"@type\":\"WebPage\",\"@id\":\"https:\/\/industriosos.com\/index.php\/por-que-investigar-en-patrimonio-industrial-en-honda-tolima\/\",\"url\":\"https:\/\/industriosos.com\/index.php\/por-que-investigar-en-patrimonio-industrial-en-honda-tolima\/\",\"name\":\"Industriosos | Patrimonio industrial en Honda\",\"isPartOf\":{\"@id\":\"https:\/\/industriosos.com\/#website\"},\"datePublished\":\"2021-09-16T21:25:44+00:00\",\"dateModified\":\"2024-09-20T01:01:48+00:00\",\"description\":\"El patrimonio insdustrial de Honda es abundante, m\u00e1s que muchas de las otras poblaciones de los alrededores y del territorio nacional.\",\"breadcrumb\":{\"@id\":\"https:\/\/industriosos.com\/index.php\/por-que-investigar-en-patrimonio-industrial-en-honda-tolima\/#breadcrumb\"},\"inLanguage\":\"es-CO\",\"potentialAction\":[{\"@type\":\"ReadAction\",\"target\":[\"https:\/\/industriosos.com\/index.php\/por-que-investigar-en-patrimonio-industrial-en-honda-tolima\/\"]}]},{\"@type\":\"BreadcrumbList\",\"@id\":\"https:\/\/industriosos.com\/index.php\/por-que-investigar-en-patrimonio-industrial-en-honda-tolima\/#breadcrumb\",\"itemListElement\":[{\"@type\":\"ListItem\",\"position\":1,\"name\":\"Inicio\",\"item\":\"https:\/\/industriosos.com\/\"},{\"@type\":\"ListItem\",\"position\":2,\"name\":\"\u00bfPor qu\u00e9 investigar el patrimonio industrial en Honda, Tolima?\"}]},{\"@type\":\"WebSite\",\"@id\":\"https:\/\/industriosos.com\/#website\",\"url\":\"https:\/\/industriosos.com\/\",\"name\":\"Industriosos\",\"description\":\"\",\"publisher\":{\"@id\":\"https:\/\/industriosos.com\/#organization\"},\"potentialAction\":[{\"@type\":\"SearchAction\",\"target\":{\"@type\":\"EntryPoint\",\"urlTemplate\":\"https:\/\/industriosos.com\/?s={search_term_string}\"},\"query-input\":{\"@type\":\"PropertyValueSpecification\",\"valueRequired\":true,\"valueName\":\"search_term_string\"}}],\"inLanguage\":\"es-CO\"},{\"@type\":\"Organization\",\"@id\":\"https:\/\/industriosos.com\/#organization\",\"name\":\"Industriosos\",\"url\":\"https:\/\/industriosos.com\/\",\"logo\":{\"@type\":\"ImageObject\",\"inLanguage\":\"es-CO\",\"@id\":\"https:\/\/industriosos.com\/#\/schema\/logo\/image\/\",\"url\":\"https:\/\/industriosos.com\/wp-content\/uploads\/2024\/10\/cropped-logo-industriosos-Color-300.png\",\"contentUrl\":\"https:\/\/industriosos.com\/wp-content\/uploads\/2024\/10\/cropped-logo-industriosos-Color-300.png\",\"width\":300,\"height\":100,\"caption\":\"Industriosos\"},\"image\":{\"@id\":\"https:\/\/industriosos.com\/#\/schema\/logo\/image\/\"},\"sameAs\":[\"https:\/\/www.facebook.com\/p\/Industriosos-61555850965002\/?fref=mentions&paipv=0&eav=Afb8Tq6p8b1qCWCh9_m_3XsSD066aquOeICFtDWtKTTAQ7I-iL16FaoSF_xysG-J76c&_rdr\",\"https:\/\/www.instagram.com\/industriosos\"]}]}<\/script>\n<!-- \/ Yoast SEO plugin. -->","yoast_head_json":{"title":"Industriosos | Patrimonio industrial en Honda","description":"El patrimonio insdustrial de Honda es abundante, m\u00e1s que muchas de las otras poblaciones de los alrededores y del territorio nacional.","robots":{"index":"index","follow":"follow","max-snippet":"max-snippet:-1","max-image-preview":"max-image-preview:large","max-video-preview":"max-video-preview:-1"},"canonical":"https:\/\/industriosos.com\/index.php\/por-que-investigar-en-patrimonio-industrial-en-honda-tolima\/","og_locale":"es_ES","og_type":"article","og_title":"Industriosos | Patrimonio industrial en Honda","og_description":"El patrimonio insdustrial de Honda es abundante, m\u00e1s que muchas de las otras poblaciones de los alrededores y del territorio nacional.","og_url":"https:\/\/industriosos.com\/index.php\/por-que-investigar-en-patrimonio-industrial-en-honda-tolima\/","article_publisher":"https:\/\/www.facebook.com\/p\/Industriosos-61555850965002\/?fref=mentions&paipv=0&eav=Afb8Tq6p8b1qCWCh9_m_3XsSD066aquOeICFtDWtKTTAQ7I-iL16FaoSF_xysG-J76c&_rdr","article_modified_time":"2024-09-20T01:01:48+00:00","twitter_card":"summary_large_image","twitter_misc":{"Tiempo de lectura":"2 minutos"},"schema":{"@context":"https:\/\/schema.org","@graph":[{"@type":"WebPage","@id":"https:\/\/industriosos.com\/index.php\/por-que-investigar-en-patrimonio-industrial-en-honda-tolima\/","url":"https:\/\/industriosos.com\/index.php\/por-que-investigar-en-patrimonio-industrial-en-honda-tolima\/","name":"Industriosos | Patrimonio industrial en Honda","isPartOf":{"@id":"https:\/\/industriosos.com\/#website"},"datePublished":"2021-09-16T21:25:44+00:00","dateModified":"2024-09-20T01:01:48+00:00","description":"El patrimonio insdustrial de Honda es abundante, m\u00e1s que muchas de las otras poblaciones de los alrededores y del territorio nacional.","breadcrumb":{"@id":"https:\/\/industriosos.com\/index.php\/por-que-investigar-en-patrimonio-industrial-en-honda-tolima\/#breadcrumb"},"inLanguage":"es-CO","potentialAction":[{"@type":"ReadAction","target":["https:\/\/industriosos.com\/index.php\/por-que-investigar-en-patrimonio-industrial-en-honda-tolima\/"]}]},{"@type":"BreadcrumbList","@id":"https:\/\/industriosos.com\/index.php\/por-que-investigar-en-patrimonio-industrial-en-honda-tolima\/#breadcrumb","itemListElement":[{"@type":"ListItem","position":1,"name":"Inicio","item":"https:\/\/industriosos.com\/"},{"@type":"ListItem","position":2,"name":"\u00bfPor qu\u00e9 investigar el patrimonio industrial en Honda, Tolima?"}]},{"@type":"WebSite","@id":"https:\/\/industriosos.com\/#website","url":"https:\/\/industriosos.com\/","name":"Industriosos","description":"","publisher":{"@id":"https:\/\/industriosos.com\/#organization"},"potentialAction":[{"@type":"SearchAction","target":{"@type":"EntryPoint","urlTemplate":"https:\/\/industriosos.com\/?s={search_term_string}"},"query-input":{"@type":"PropertyValueSpecification","valueRequired":true,"valueName":"search_term_string"}}],"inLanguage":"es-CO"},{"@type":"Organization","@id":"https:\/\/industriosos.com\/#organization","name":"Industriosos","url":"https:\/\/industriosos.com\/","logo":{"@type":"ImageObject","inLanguage":"es-CO","@id":"https:\/\/industriosos.com\/#\/schema\/logo\/image\/","url":"https:\/\/industriosos.com\/wp-content\/uploads\/2024\/10\/cropped-logo-industriosos-Color-300.png","contentUrl":"https:\/\/industriosos.com\/wp-content\/uploads\/2024\/10\/cropped-logo-industriosos-Color-300.png","width":300,"height":100,"caption":"Industriosos"},"image":{"@id":"https:\/\/industriosos.com\/#\/schema\/logo\/image\/"},"sameAs":["https:\/\/www.facebook.com\/p\/Industriosos-61555850965002\/?fref=mentions&paipv=0&eav=Afb8Tq6p8b1qCWCh9_m_3XsSD066aquOeICFtDWtKTTAQ7I-iL16FaoSF_xysG-J76c&_rdr","https:\/\/www.instagram.com\/industriosos"]}]}},"_links":{"self":[{"href":"https:\/\/industriosos.com\/index.php\/wp-json\/wp\/v2\/pages\/1239","targetHints":{"allow":["GET"]}}],"collection":[{"href":"https:\/\/industriosos.com\/index.php\/wp-json\/wp\/v2\/pages"}],"about":[{"href":"https:\/\/industriosos.com\/index.php\/wp-json\/wp\/v2\/types\/page"}],"author":[{"embeddable":true,"href":"https:\/\/industriosos.com\/index.php\/wp-json\/wp\/v2\/users\/2"}],"replies":[{"embeddable":true,"href":"https:\/\/industriosos.com\/index.php\/wp-json\/wp\/v2\/comments?post=1239"}],"version-history":[{"count":14,"href":"https:\/\/industriosos.com\/index.php\/wp-json\/wp\/v2\/pages\/1239\/revisions"}],"predecessor-version":[{"id":1744,"href":"https:\/\/industriosos.com\/index.php\/wp-json\/wp\/v2\/pages\/1239\/revisions\/1744"}],"wp:attachment":[{"href":"https:\/\/industriosos.com\/index.php\/wp-json\/wp\/v2\/media?parent=1239"}],"curies":[{"name":"wp","href":"https:\/\/api.w.org\/{rel}","templated":true}]}}