{"id":1237,"date":"2021-09-16T21:24:45","date_gmt":"2021-09-16T21:24:45","guid":{"rendered":"http:\/\/industriosos.com\/?page_id=1237"},"modified":"2024-09-20T01:03:37","modified_gmt":"2024-09-20T01:03:37","slug":"por-que-investigar-sobre-el-patrimonio","status":"publish","type":"page","link":"https:\/\/industriosos.com\/index.php\/por-que-investigar-sobre-el-patrimonio\/","title":{"rendered":"\u00bfPor qu\u00e9 investigar sobre el Patrimonio?"},"content":{"rendered":"<div class=\"wpb-content-wrapper\"><p>[vc_row][vc_column][vc_empty_space]<div id=\"ultimate-heading-974669f8675d05ec2\" class=\"uvc-heading ult-adjust-bottom-margin ultimate-heading-974669f8675d05ec2 uvc-3342 \" data-hspacer=\"line_only\"  data-halign=\"left\" style=\"text-align:left\"><div class=\"uvc-main-heading ult-responsive\"  data-ultimate-target='.uvc-heading.ultimate-heading-974669f8675d05ec2 h2'  data-responsive-json-new='{\"font-size\":\"desktop:30px;\",\"line-height\":\"\"}' ><h2 style=\"font-weight:bold;\">\u00bfPor qu\u00e9 investigar sobre el Patrimonio?<\/h2><\/div><div class=\"uvc-heading-spacer line_only\" style=\"topheight:1px;\"><span class=\"uvc-headings-line\" style=\"border-style:solid;border-bottom-width:1px;border-color:#da7e2d;width:80px;\"><\/span><\/div><\/div>[vc_empty_space][\/vc_column][\/vc_row][vc_row css=&#8221;.vc_custom_1632869346486{background-color: #f4f4f4 !important;}&#8221;][vc_column width=&#8221;1\/2&#8243;][vc_empty_space][vc_column_text]<strong>El patrimonio material es de gran importancia para la conformaci\u00f3n de la memoria e historia de una sociedad<\/strong>, ya que permite reconocer sus ra\u00edces y su presente. Para construir una identidad se necesitan los recuerdos, lo pasado, lo acontecido, con las personas que habitan el territorio, quienes al final son los primeros en apropiarse de estos espacios. <strong>Conocer el patrimonio e investigar sobre el mismo nos permite un uso m\u00e1s adecuado de estos espacios y un conocimiento m\u00e1s integral y completo del mismo<\/strong>, para que restauradores, arque\u00f3logos y dem\u00e1s preservadores tengan unas mejores referencias para un trato mucho mejor de \u00e9ste. Tambi\u00e9n es importante aclarar que <strong>el patrimonio no s\u00f3lo se define por lo material, sino tambi\u00e9n por lo inmaterial. <\/strong>En este sentido el <strong>ICOM (International Council of Museums)<\/strong> contribuye ampliarnos esa definici\u00f3n y establece un vaso comunicante con los museos:[\/vc_column_text][\/vc_column][vc_column width=&#8221;1\/2&#8243;][vc_single_image image=&#8221;1677&#8243; img_size=&#8221;large&#8221; alignment=&#8221;center&#8221;][\/vc_column][\/vc_row][vc_row][vc_column]<div class=\"aio-icon-component    style_1\"><div id=\"Info-box-wrap-1289\" class=\"aio-icon-box square_box-icon\" style=\"border-style:solid;background-color:#e5e5e5;\"  ><div class=\"aio-icon-description ult-responsive\"  data-ultimate-target='#Info-box-wrap-1289 .aio-icon-description'  data-responsive-json-new='{\"font-size\":\"\",\"line-height\":\"\"}'  style=\"\">El Patrimonio Cultural abarca m\u00e1s que colecciones de objetos o monumentos: incluye manifestaciones inmateriales tales como la tradici\u00f3n de los s\u00edmbolos vivientes. La definici\u00f3n del ICOM de museo reconoce el papel de los museos en la preservaci\u00f3n y protecci\u00f3n del \u201cpatrimonio material e inmaterial de la humanidad\u201d. Los museos pueden contribuir de manera significativa a la protecci\u00f3n del patrimonio cultural inmaterial (ICH, por sus siglas en ingl\u00e9s), mediante el desempe\u00f1o de sus atribuciones, infraestructuras y recursos para desarrollar iniciativas innovadoras sobre su preservaci\u00f3n. [3]<\/div> <!-- description --><\/div> <!-- aio-icon-box --><\/div> <!-- aio-icon-component -->[vc_column_text][3] ICOM. Patrimonio inmaterial. Recuperado de<a href=\"about:blank\">\u00a0https:\/\/icom.museum\/es\/nuestras-acciones\/proteccion-del-patrimonio\/patrimonio-inmaterial\/<\/a>[\/vc_column_text][\/vc_column][\/vc_row]<\/p>\n<\/div>","protected":false},"excerpt":{"rendered":"<p>[vc_row][vc_column][vc_empty_space][vc_empty_space][\/vc_column][\/vc_row][vc_row css=&#8221;.vc_custom_1632869346486{background-color: #f4f4f4 !important;}&#8221;][vc_column width=&#8221;1\/2&#8243;][vc_empty_space][vc_column_text]El patrimonio material es de gran importancia para la conformaci\u00f3n de la memoria e historia de una sociedad, ya que permite reconocer sus ra\u00edces y su presente. Para construir una identidad se necesitan los recuerdos, lo pasado, lo acontecido, con las personas que habitan el territorio, quienes al final son los [&hellip;]<\/p>\n","protected":false},"author":2,"featured_media":0,"parent":0,"menu_order":0,"comment_status":"closed","ping_status":"closed","template":"","meta":{"om_disable_all_campaigns":false,"_monsterinsights_skip_tracking":false,"_monsterinsights_sitenote_active":false,"_monsterinsights_sitenote_note":"","_monsterinsights_sitenote_category":0,"site-sidebar-layout":"no-sidebar","site-content-layout":"plain-container","ast-site-content-layout":"","site-content-style":"default","site-sidebar-style":"default","ast-global-header-display":"","ast-banner-title-visibility":"","ast-main-header-display":"","ast-hfb-above-header-display":"","ast-hfb-below-header-display":"","ast-hfb-mobile-header-display":"","site-post-title":"disabled","ast-breadcrumbs-content":"","ast-featured-img":"disabled","footer-sml-layout":"","theme-transparent-header-meta":"default","adv-header-id-meta":"","stick-header-meta":"","header-above-stick-meta":"","header-main-stick-meta":"","header-below-stick-meta":"","astra-migrate-meta-layouts":"default","ast-page-background-enabled":"default","ast-page-background-meta":{"desktop":{"background-color":"","background-image":"","background-repeat":"repeat","background-position":"center center","background-size":"auto","background-attachment":"scroll","background-type":"","background-media":"","overlay-type":"","overlay-color":"","overlay-opacity":"","overlay-gradient":""},"tablet":{"background-color":"","background-image":"","background-repeat":"repeat","background-position":"center center","background-size":"auto","background-attachment":"scroll","background-type":"","background-media":"","overlay-type":"","overlay-color":"","overlay-opacity":"","overlay-gradient":""},"mobile":{"background-color":"","background-image":"","background-repeat":"repeat","background-position":"center center","background-size":"auto","background-attachment":"scroll","background-type":"","background-media":"","overlay-type":"","overlay-color":"","overlay-opacity":"","overlay-gradient":""}},"ast-content-background-meta":{"desktop":{"background-color":"var(--ast-global-color-5)","background-image":"","background-repeat":"repeat","background-position":"center center","background-size":"auto","background-attachment":"scroll","background-type":"","background-media":"","overlay-type":"","overlay-color":"","overlay-opacity":"","overlay-gradient":""},"tablet":{"background-color":"var(--ast-global-color-5)","background-image":"","background-repeat":"repeat","background-position":"center center","background-size":"auto","background-attachment":"scroll","background-type":"","background-media":"","overlay-type":"","overlay-color":"","overlay-opacity":"","overlay-gradient":""},"mobile":{"background-color":"var(--ast-global-color-5)","background-image":"","background-repeat":"repeat","background-position":"center center","background-size":"auto","background-attachment":"scroll","background-type":"","background-media":"","overlay-type":"","overlay-color":"","overlay-opacity":"","overlay-gradient":""}},"footnotes":""},"class_list":["post-1237","page","type-page","status-publish","hentry"],"yoast_head":"<!-- This site is optimized with the Yoast SEO plugin v24.0 - https:\/\/yoast.com\/wordpress\/plugins\/seo\/ -->\n<title>Industriosos | \u00bfPor qu\u00e9 investigar sobre el Patrimonio?<\/title>\n<meta name=\"description\" content=\"El patrimonio es importante para la conformaci\u00f3n de la memoria e historia de una sociedad, ya que permite reconocer sus ra\u00edces y su presente.\" \/>\n<meta name=\"robots\" content=\"index, follow, max-snippet:-1, max-image-preview:large, max-video-preview:-1\" \/>\n<link rel=\"canonical\" href=\"https:\/\/industriosos.com\/index.php\/por-que-investigar-sobre-el-patrimonio\/\" \/>\n<meta property=\"og:locale\" content=\"es_ES\" \/>\n<meta property=\"og:type\" content=\"article\" \/>\n<meta property=\"og:title\" content=\"Industriosos | \u00bfPor qu\u00e9 investigar sobre el Patrimonio?\" \/>\n<meta property=\"og:description\" content=\"El patrimonio es importante para la conformaci\u00f3n de la memoria e historia de una sociedad, ya que permite reconocer sus ra\u00edces y su presente.\" \/>\n<meta property=\"og:url\" content=\"https:\/\/industriosos.com\/index.php\/por-que-investigar-sobre-el-patrimonio\/\" \/>\n<meta property=\"article:publisher\" content=\"https:\/\/www.facebook.com\/p\/Industriosos-61555850965002\/?fref=mentions&amp;paipv=0&amp;eav=Afb8Tq6p8b1qCWCh9_m_3XsSD066aquOeICFtDWtKTTAQ7I-iL16FaoSF_xysG-J76c&amp;_rdr\" \/>\n<meta property=\"article:modified_time\" content=\"2024-09-20T01:03:37+00:00\" \/>\n<meta name=\"twitter:card\" content=\"summary_large_image\" \/>\n<meta name=\"twitter:label1\" content=\"Tiempo de lectura\" \/>\n\t<meta name=\"twitter:data1\" content=\"2 minutos\" \/>\n<script type=\"application\/ld+json\" class=\"yoast-schema-graph\">{\"@context\":\"https:\/\/schema.org\",\"@graph\":[{\"@type\":\"WebPage\",\"@id\":\"https:\/\/industriosos.com\/index.php\/por-que-investigar-sobre-el-patrimonio\/\",\"url\":\"https:\/\/industriosos.com\/index.php\/por-que-investigar-sobre-el-patrimonio\/\",\"name\":\"Industriosos | \u00bfPor qu\u00e9 investigar sobre el Patrimonio?\",\"isPartOf\":{\"@id\":\"https:\/\/industriosos.com\/#website\"},\"datePublished\":\"2021-09-16T21:24:45+00:00\",\"dateModified\":\"2024-09-20T01:03:37+00:00\",\"description\":\"El patrimonio es importante para la conformaci\u00f3n de la memoria e historia de una sociedad, ya que permite reconocer sus ra\u00edces y su presente.\",\"breadcrumb\":{\"@id\":\"https:\/\/industriosos.com\/index.php\/por-que-investigar-sobre-el-patrimonio\/#breadcrumb\"},\"inLanguage\":\"es-CO\",\"potentialAction\":[{\"@type\":\"ReadAction\",\"target\":[\"https:\/\/industriosos.com\/index.php\/por-que-investigar-sobre-el-patrimonio\/\"]}]},{\"@type\":\"BreadcrumbList\",\"@id\":\"https:\/\/industriosos.com\/index.php\/por-que-investigar-sobre-el-patrimonio\/#breadcrumb\",\"itemListElement\":[{\"@type\":\"ListItem\",\"position\":1,\"name\":\"Inicio\",\"item\":\"https:\/\/industriosos.com\/\"},{\"@type\":\"ListItem\",\"position\":2,\"name\":\"\u00bfPor qu\u00e9 investigar sobre el Patrimonio?\"}]},{\"@type\":\"WebSite\",\"@id\":\"https:\/\/industriosos.com\/#website\",\"url\":\"https:\/\/industriosos.com\/\",\"name\":\"Industriosos\",\"description\":\"\",\"publisher\":{\"@id\":\"https:\/\/industriosos.com\/#organization\"},\"potentialAction\":[{\"@type\":\"SearchAction\",\"target\":{\"@type\":\"EntryPoint\",\"urlTemplate\":\"https:\/\/industriosos.com\/?s={search_term_string}\"},\"query-input\":{\"@type\":\"PropertyValueSpecification\",\"valueRequired\":true,\"valueName\":\"search_term_string\"}}],\"inLanguage\":\"es-CO\"},{\"@type\":\"Organization\",\"@id\":\"https:\/\/industriosos.com\/#organization\",\"name\":\"Industriosos\",\"url\":\"https:\/\/industriosos.com\/\",\"logo\":{\"@type\":\"ImageObject\",\"inLanguage\":\"es-CO\",\"@id\":\"https:\/\/industriosos.com\/#\/schema\/logo\/image\/\",\"url\":\"https:\/\/industriosos.com\/wp-content\/uploads\/2024\/10\/cropped-logo-industriosos-Color-300.png\",\"contentUrl\":\"https:\/\/industriosos.com\/wp-content\/uploads\/2024\/10\/cropped-logo-industriosos-Color-300.png\",\"width\":300,\"height\":100,\"caption\":\"Industriosos\"},\"image\":{\"@id\":\"https:\/\/industriosos.com\/#\/schema\/logo\/image\/\"},\"sameAs\":[\"https:\/\/www.facebook.com\/p\/Industriosos-61555850965002\/?fref=mentions&paipv=0&eav=Afb8Tq6p8b1qCWCh9_m_3XsSD066aquOeICFtDWtKTTAQ7I-iL16FaoSF_xysG-J76c&_rdr\",\"https:\/\/www.instagram.com\/industriosos\"]}]}<\/script>\n<!-- \/ Yoast SEO plugin. -->","yoast_head_json":{"title":"Industriosos | \u00bfPor qu\u00e9 investigar sobre el Patrimonio?","description":"El patrimonio es importante para la conformaci\u00f3n de la memoria e historia de una sociedad, ya que permite reconocer sus ra\u00edces y su presente.","robots":{"index":"index","follow":"follow","max-snippet":"max-snippet:-1","max-image-preview":"max-image-preview:large","max-video-preview":"max-video-preview:-1"},"canonical":"https:\/\/industriosos.com\/index.php\/por-que-investigar-sobre-el-patrimonio\/","og_locale":"es_ES","og_type":"article","og_title":"Industriosos | \u00bfPor qu\u00e9 investigar sobre el Patrimonio?","og_description":"El patrimonio es importante para la conformaci\u00f3n de la memoria e historia de una sociedad, ya que permite reconocer sus ra\u00edces y su presente.","og_url":"https:\/\/industriosos.com\/index.php\/por-que-investigar-sobre-el-patrimonio\/","article_publisher":"https:\/\/www.facebook.com\/p\/Industriosos-61555850965002\/?fref=mentions&paipv=0&eav=Afb8Tq6p8b1qCWCh9_m_3XsSD066aquOeICFtDWtKTTAQ7I-iL16FaoSF_xysG-J76c&_rdr","article_modified_time":"2024-09-20T01:03:37+00:00","twitter_card":"summary_large_image","twitter_misc":{"Tiempo de lectura":"2 minutos"},"schema":{"@context":"https:\/\/schema.org","@graph":[{"@type":"WebPage","@id":"https:\/\/industriosos.com\/index.php\/por-que-investigar-sobre-el-patrimonio\/","url":"https:\/\/industriosos.com\/index.php\/por-que-investigar-sobre-el-patrimonio\/","name":"Industriosos | \u00bfPor qu\u00e9 investigar sobre el Patrimonio?","isPartOf":{"@id":"https:\/\/industriosos.com\/#website"},"datePublished":"2021-09-16T21:24:45+00:00","dateModified":"2024-09-20T01:03:37+00:00","description":"El patrimonio es importante para la conformaci\u00f3n de la memoria e historia de una sociedad, ya que permite reconocer sus ra\u00edces y su presente.","breadcrumb":{"@id":"https:\/\/industriosos.com\/index.php\/por-que-investigar-sobre-el-patrimonio\/#breadcrumb"},"inLanguage":"es-CO","potentialAction":[{"@type":"ReadAction","target":["https:\/\/industriosos.com\/index.php\/por-que-investigar-sobre-el-patrimonio\/"]}]},{"@type":"BreadcrumbList","@id":"https:\/\/industriosos.com\/index.php\/por-que-investigar-sobre-el-patrimonio\/#breadcrumb","itemListElement":[{"@type":"ListItem","position":1,"name":"Inicio","item":"https:\/\/industriosos.com\/"},{"@type":"ListItem","position":2,"name":"\u00bfPor qu\u00e9 investigar sobre el Patrimonio?"}]},{"@type":"WebSite","@id":"https:\/\/industriosos.com\/#website","url":"https:\/\/industriosos.com\/","name":"Industriosos","description":"","publisher":{"@id":"https:\/\/industriosos.com\/#organization"},"potentialAction":[{"@type":"SearchAction","target":{"@type":"EntryPoint","urlTemplate":"https:\/\/industriosos.com\/?s={search_term_string}"},"query-input":{"@type":"PropertyValueSpecification","valueRequired":true,"valueName":"search_term_string"}}],"inLanguage":"es-CO"},{"@type":"Organization","@id":"https:\/\/industriosos.com\/#organization","name":"Industriosos","url":"https:\/\/industriosos.com\/","logo":{"@type":"ImageObject","inLanguage":"es-CO","@id":"https:\/\/industriosos.com\/#\/schema\/logo\/image\/","url":"https:\/\/industriosos.com\/wp-content\/uploads\/2024\/10\/cropped-logo-industriosos-Color-300.png","contentUrl":"https:\/\/industriosos.com\/wp-content\/uploads\/2024\/10\/cropped-logo-industriosos-Color-300.png","width":300,"height":100,"caption":"Industriosos"},"image":{"@id":"https:\/\/industriosos.com\/#\/schema\/logo\/image\/"},"sameAs":["https:\/\/www.facebook.com\/p\/Industriosos-61555850965002\/?fref=mentions&paipv=0&eav=Afb8Tq6p8b1qCWCh9_m_3XsSD066aquOeICFtDWtKTTAQ7I-iL16FaoSF_xysG-J76c&_rdr","https:\/\/www.instagram.com\/industriosos"]}]}},"_links":{"self":[{"href":"https:\/\/industriosos.com\/index.php\/wp-json\/wp\/v2\/pages\/1237","targetHints":{"allow":["GET"]}}],"collection":[{"href":"https:\/\/industriosos.com\/index.php\/wp-json\/wp\/v2\/pages"}],"about":[{"href":"https:\/\/industriosos.com\/index.php\/wp-json\/wp\/v2\/types\/page"}],"author":[{"embeddable":true,"href":"https:\/\/industriosos.com\/index.php\/wp-json\/wp\/v2\/users\/2"}],"replies":[{"embeddable":true,"href":"https:\/\/industriosos.com\/index.php\/wp-json\/wp\/v2\/comments?post=1237"}],"version-history":[{"count":8,"href":"https:\/\/industriosos.com\/index.php\/wp-json\/wp\/v2\/pages\/1237\/revisions"}],"predecessor-version":[{"id":1767,"href":"https:\/\/industriosos.com\/index.php\/wp-json\/wp\/v2\/pages\/1237\/revisions\/1767"}],"wp:attachment":[{"href":"https:\/\/industriosos.com\/index.php\/wp-json\/wp\/v2\/media?parent=1237"}],"curies":[{"name":"wp","href":"https:\/\/api.w.org\/{rel}","templated":true}]}}