{"id":1234,"date":"2021-09-16T20:50:18","date_gmt":"2021-09-16T20:50:18","guid":{"rendered":"http:\/\/industriosos.com\/?page_id=1234"},"modified":"2024-09-20T00:59:53","modified_gmt":"2024-09-20T00:59:53","slug":"por-que-hacer-investigacion-desde-un-museo","status":"publish","type":"page","link":"https:\/\/industriosos.com\/index.php\/por-que-hacer-investigacion-desde-un-museo\/","title":{"rendered":"\u00bfPor qu\u00e9 hacer investigaci\u00f3n desde un museo?"},"content":{"rendered":"<div class=\"wpb-content-wrapper\"><p>[vc_row][vc_column][vc_empty_space]<div id=\"ultimate-heading-412569edd3c29125f\" class=\"uvc-heading ult-adjust-bottom-margin ultimate-heading-412569edd3c29125f uvc-9280 \" data-hspacer=\"line_only\"  data-halign=\"left\" style=\"text-align:left\"><div class=\"uvc-main-heading ult-responsive\"  data-ultimate-target='.uvc-heading.ultimate-heading-412569edd3c29125f h2'  data-responsive-json-new='{\"font-size\":\"desktop:30px;\",\"line-height\":\"\"}' ><h2 style=\"font-weight:bold;\">\u00bfPor qu\u00e9 hacer investigaci\u00f3n desde un museo?<\/h2><\/div><div class=\"uvc-heading-spacer line_only\" style=\"topheight:1px;\"><span class=\"uvc-headings-line\" style=\"border-style:solid;border-bottom-width:1px;border-color:#da7e2d;width:80px;\"><\/span><\/div><\/div>[vc_empty_space][\/vc_column][\/vc_row][vc_row css=&#8221;.vc_custom_1632869335674{background-color: #f4f4f4 !important;}&#8221;][vc_column css=&#8221;.vc_custom_1631828473627{background-color: #f7f7f7 !important;}&#8221;][vc_row_inner][vc_column_inner width=&#8221;1\/2&#8243;][vc_empty_space][vc_empty_space][vc_single_image image=&#8221;1517&#8243; img_size=&#8221;full&#8221;][\/vc_column_inner][vc_column_inner width=&#8221;1\/2&#8243;][vc_column_text]Uno de los interrogantes que se plantean actualmente respecto al rol de los museos est\u00e1 relacionado con su funci\u00f3n, tanto de puertas para adentro como hacia afuera. En este \u00faltimo aspecto, se trata de <strong>crear y\/o fortalecer las relaciones con su entorno<\/strong> e incluso medir el impacto que los mismos tienen en la sociedad.<\/p>\n<p>Derivado de lo anterior, se plantea tambi\u00e9n la pregunta sobre <strong>la manera en que la investigaci\u00f3n puede tener lugar en los museos<\/strong>. Aqu\u00ed es importante recordar que uno de\u00a0 los prop\u00f3sitos principales que motivaron la creaci\u00f3n de museos en el mundo fue precisamente llevar a cabo o apoyar labores <strong>investigativas<\/strong>; claro ejemplo de ello son los museos naturales, en uno de los cuales trabaj\u00f3 Charles Darwin.<\/p>\n<p>Hist\u00f3ricamante los museos han estado ligados con la investigaci\u00f3n, que no es otra cosa que la <strong>creaci\u00f3n y\/o reconocimiento de sus v\u00ednculos con el mundo de la ciencia y los procesos de generaci\u00f3n de conocimiento<\/strong>. De acuerdo con lo anterior, se podr\u00eda considerar a los museos como <strong>centros de ciencia<\/strong>, donde no solo se exhibe, organiza, clasifica y preserva un acervo patrimonial, sino que tambi\u00e9n producen saberes \u00fatiles para la sociedad.[\/vc_column_text][\/vc_column_inner][\/vc_row_inner][vc_empty_space][vc_column_text]Cabe aqu\u00ed recordar las palabras de la directora del Museo Romano de Arte de Espa\u00f1a, la arque\u00f3loga Trinidad Nogales Basarrate:[\/vc_column_text]<div class=\"aio-icon-component    style_1\"><div id=\"Info-box-wrap-5582\" class=\"aio-icon-box square_box-icon\" style=\"border-style:solid;background-color:#e5e5e5;\"  ><div class=\"aio-icon-description ult-responsive\"  data-ultimate-target='#Info-box-wrap-5582 .aio-icon-description'  data-responsive-json-new='{\"font-size\":\"\",\"line-height\":\"\"}'  style=\"\">El concepto de investigaci\u00f3n que, a nuestro juicio, deben desarrollar los museos es bastante amplio y ambicioso. La investigaci\u00f3n en el museo no ha de ser un mero fin en s\u00ed misma, una actividad cerrada o un elemento casi adherido a la fuerza al centro. El museo precisa definir sus l\u00edneas prioritarias de investigaci\u00f3n, que han de seleccionarse en funci\u00f3n de los intereses y de la identidad del museo [1].<\/div> <!-- description --><\/div> <!-- aio-icon-box --><\/div> <!-- aio-icon-component -->[vc_column_text]A\u00fan as\u00ed, la relaci\u00f3n entre la investigaci\u00f3n y los museos no siempre es la m\u00e1s fluida, debido a factores como el desconocimiento por parte de los tomadores de decisiones, respecto a las grandes posibilidades que poseen los museos como <strong>centros de desarrollo de conocimiento<\/strong>, o las estructurales deficiencias presupuestales para sectores como el cultural o el cient\u00edfico.<\/p>\n<p>Enfatizamos en el hecho de que para que una investigaci\u00f3n en un museo tenga \u00e9xito, debe <strong>definir claramente unas l\u00edneas y priorizar los temas que le sean de utilidad<\/strong>, tanto a la propia instituci\u00f3n museal, como a la comunidad donde reside, es decir, que vayan de acuerdo a la misi\u00f3n y visi\u00f3n del museo y su misma trayectoria hist\u00f3rica.<\/p>\n<p>El <strong>Museo Nacional de Colombia<\/strong> ha formulado un <strong>programa de investigaci\u00f3n <\/strong>que tiene como objetivo plantear el horizonte acad\u00e9mico, \u00e9tico y pol\u00edtico que articule la investigaci\u00f3n. Se trata de situar una perspectiva que permita al museo cumplir con su misi\u00f3n y producir conocimiento nuevo a partir del desarrollo de una agenda de investigaci\u00f3n en el \u00e1mbito de la museolog\u00eda como campo de conocimiento, en di\u00e1logo con organizaciones sociales y comunidades a lo largo del pa\u00eds y en concordancia con la noci\u00f3n de un museo territorializado en el que se tengan en cuenta las realidades nacionales, locales y regionales.<\/p>\n<p>Este programa apunta a propiciar el trabajo conjunto entre los diferentes equipos museales del <strong>Ministerio de las culturas, las artes y los saberes<\/strong> (entre los que se cuenta la Casa Museo Alfonso L\u00f3pez Pumarejo), y profundizar las <strong>apuestas interdisciplinares e interepist\u00e9micas<\/strong> que permitan analizar y problematizar los procesos de configuraci\u00f3n de la naci\u00f3n y, a su vez, abrir alternativas para un di\u00e1logo horizontal que apoye y posibilite la construcci\u00f3n de un tejido social democr\u00e1tico y de una sociedad con justicia social y epist\u00e9mica y con <strong>vocaci\u00f3n de paz<\/strong>. Entre las caracter\u00edsticas principales de este programa est\u00e1n la <strong>apertura y flexibilidad<\/strong>, as\u00ed como una sensibilidad a las trasformaciones del contexto y a las <strong>realidades sociales y ecol\u00f3gicas contempor\u00e1neas<\/strong> [2].<\/p>\n<p>Previo a la formulaci\u00f3n de este programa de investigaci\u00f3n del <strong>Museo Nacional<\/strong>, en la Casa Museo Alfonso L\u00f3pez Pumarejo surgi\u00f3 la iniciativa de indagar acerca del <strong>patrimonio industrial hondano<\/strong>, a partir de una actividad espec\u00edfica: <strong>la trilla de caf\u00e9<\/strong>. Ello teniendo en cuenta que hasta hace una d\u00e9cada este sector productivo tuvo una importante presencia en el municipio, gener\u00f3 numerosos empleos y contribuy\u00f3 a la identificaci\u00f3n de <strong>Honda como un polo industrial de alcance nacional<\/strong>.<\/p>\n<h6><strong>\u00bfPor qu\u00e9 investigar sobre patrimonio industrial?<\/strong><\/h6>\n<p>Seg\u00fan Miguel \u00c1ngel \u00c1lvarez-Areces, el patrimonio industrial ha adquirido un sentido que excede lo est\u00e9tico o testimonial para convertirse en un n\u00facleo de orden temporal y espacial frente al avance del olvido y la p\u00e9rdida de la memoria del lugar. Los valores paisaj\u00edsticos, las huellas industriales y las herencias art\u00edsticas se entremezclan en un espacio continuo. Las f\u00e1bricas, minas, residencias y otros elementos de arquitectura industrial, los tejidos urbanos y rurales, el patrimonio gastron\u00f3mico, las tradiciones y la etnograf\u00eda, los oficios y la historia t\u00e9cnica local, la m\u00fasica ra\u00edz y el amplio elenco del patrimonio intangible convierten a los paisajes postindustriales en verdaderos territorios-museo. Diversos casos y experiencias nacionales e internacionales, arquetipos de regiones con vestigios notables de la revoluci\u00f3n industrial, sirven para ilustrar l\u00edmites y posibilidades de programas de desarrollo regional [3].<\/p>\n<p>De acuerdo con lo anterior, se asume que la recuperaci\u00f3n y reconocimiento del patrimonio industrial va <strong>m\u00e1s all\u00e1 de lo est\u00e9tico <\/strong>y trasciende lo humano al integrar a las gentes en esta recuperaci\u00f3n de la <strong>memoria hist\u00f3rica<\/strong>, como tambi\u00e9n las costumbres inmateriales que estaban ligadas a estos espacios de convivencia del pasado. Del mismo modo, nos lleva a <strong>otra concepci\u00f3n del museo<\/strong>. Adicionalmente, analizar este patrimonio industrial posibilita <strong>comprender el proceso de transformaci\u00f3n de un lugar<\/strong>, para nuestro caso Honda, y su trascendencia en la historia de Colombia.<\/p>\n<p>[1] NOGALES BASARRATELA, Trinidad.\u00a0 \u201cINVESTIGACI\u00d3N EN LOS MUSEOS. Una actividad irrenunciable\u201d. En. Revista digital Nueva Museolog\u00eda, 2014.<\/p>\n<p>[2] MINISTERIO DE LAS CULTURAS, LAS ARTES Y LOS SABERES (2023). Programa de investigaci\u00f3n del Centro de Ciencias del Museo Nacional de Colombia. Bogot\u00e1, D.C.<\/p>\n<p>[3] \u00c1LVAREZ \u2013 ARECES, Miguel \u00c1ngel. \u201cPatrimonio industrial. Un futuro para el pasado\u201d. En: Apuntes vol. 21, n\u00fam. 1, 2008, pp, 6 \u2013 25.[\/vc_column_text][\/vc_column][\/vc_row][vc_row][vc_column width=&#8221;1\/2&#8243;][vc_empty_space][vc_column_text]<\/p>\n<p style=\"text-align: justify;\">Los edificios industriales de Honda-Tolima, Colombia tienen mucho que contar acerca del patrimonio.<\/p>\n<p style=\"text-align: justify;\">La Casa Museo Alfonso Lopez Pumarejo emprendi\u00f3 la tarea de contarlo junto a la comunidad a trav\u00e9s de \u2018Industriosos &#8211; Semillero de investigaci\u00f3n de la Casa Museo Alfonso L\u00f3pez Pumarejo sobre patrimonio industrial hondano\u2019.<\/p>\n<p style=\"text-align: justify;\">Vamos a conocer en qu\u00e9 consiste este fant\u00e1stico proyecto con el que el museo gan\u00f3 el 12\u00ba Premio en la Categor\u00eda II. Fomento a nuevos proyectos<\/p>\n<p>[\/vc_column_text][\/vc_column][vc_column width=&#8221;1\/2&#8243;][vc_empty_space][vc_raw_html]JTNDaWZyYW1lJTIwc3JjJTNEJTIyaHR0cHMlM0ElMkYlMkZ3d3cuZmFjZWJvb2suY29tJTJGcGx1Z2lucyUyRnZpZGVvLnBocCUzRmhlaWdodCUzRDMxNCUyNmhyZWYlM0RodHRwcyUyNTNBJTI1MkYlMjUyRnd3dy5mYWNlYm9vay5jb20lMjUyRkliZXJtdXNlb3MlMjUyRnZpZGVvcyUyNTJGMTM4NTM5ODE4NTYzMDE4MSUyNTJGJTI2c2hvd190ZXh0JTNEZmFsc2UlMjZ3aWR0aCUzRDU2MCUyNnQlM0QwJTIyJTIwd2lkdGglM0QlMjI1NjAlMjIlMjBoZWlnaHQlM0QlMjIzMTQlMjIlMjBzdHlsZSUzRCUyMmJvcmRlciUzQW5vbmUlM0JvdmVyZmxvdyUzQWhpZGRlbiUyMiUyMHNjcm9sbGluZyUzRCUyMm5vJTIyJTIwZnJhbWVib3JkZXIlM0QlMjIwJTIyJTIwYWxsb3dmdWxsc2NyZWVuJTNEJTIydHJ1ZSUyMiUyMGFsbG93JTNEJTIyYXV0b3BsYXklM0IlMjBjbGlwYm9hcmQtd3JpdGUlM0IlMjBlbmNyeXB0ZWQtbWVkaWElM0IlMjBwaWN0dXJlLWluLXBpY3R1cmUlM0IlMjB3ZWItc2hhcmUlMjIlMjBhbGxvd0Z1bGxTY3JlZW4lM0QlMjJ0cnVlJTIyJTNFJTNDJTJGaWZyYW1lJTNF[\/vc_raw_html][\/vc_column][\/vc_row]<\/p>\n<\/div>","protected":false},"excerpt":{"rendered":"<p>[vc_row][vc_column][vc_empty_space][vc_empty_space][\/vc_column][\/vc_row][vc_row css=&#8221;.vc_custom_1632869335674{background-color: #f4f4f4 !important;}&#8221;][vc_column css=&#8221;.vc_custom_1631828473627{background-color: #f7f7f7 !important;}&#8221;][vc_row_inner][vc_column_inner width=&#8221;1\/2&#8243;][vc_empty_space][vc_empty_space][vc_single_image image=&#8221;1517&#8243; img_size=&#8221;full&#8221;][\/vc_column_inner][vc_column_inner width=&#8221;1\/2&#8243;][vc_column_text]Uno de los interrogantes que se plantean actualmente respecto al rol de los museos est\u00e1 relacionado con su funci\u00f3n, tanto de puertas para adentro como hacia afuera. En este \u00faltimo aspecto, se trata de crear y\/o fortalecer las relaciones con su entorno e incluso medir [&hellip;]<\/p>\n","protected":false},"author":2,"featured_media":0,"parent":0,"menu_order":0,"comment_status":"closed","ping_status":"closed","template":"","meta":{"om_disable_all_campaigns":false,"_monsterinsights_skip_tracking":false,"_monsterinsights_sitenote_active":false,"_monsterinsights_sitenote_note":"","_monsterinsights_sitenote_category":0,"site-sidebar-layout":"no-sidebar","site-content-layout":"plain-container","ast-site-content-layout":"","site-content-style":"default","site-sidebar-style":"default","ast-global-header-display":"","ast-banner-title-visibility":"","ast-main-header-display":"","ast-hfb-above-header-display":"","ast-hfb-below-header-display":"","ast-hfb-mobile-header-display":"","site-post-title":"disabled","ast-breadcrumbs-content":"","ast-featured-img":"disabled","footer-sml-layout":"","theme-transparent-header-meta":"default","adv-header-id-meta":"","stick-header-meta":"","header-above-stick-meta":"","header-main-stick-meta":"","header-below-stick-meta":"","astra-migrate-meta-layouts":"default","ast-page-background-enabled":"default","ast-page-background-meta":{"desktop":{"background-color":"","background-image":"","background-repeat":"repeat","background-position":"center center","background-size":"auto","background-attachment":"scroll","background-type":"","background-media":"","overlay-type":"","overlay-color":"","overlay-opacity":"","overlay-gradient":""},"tablet":{"background-color":"","background-image":"","background-repeat":"repeat","background-position":"center center","background-size":"auto","background-attachment":"scroll","background-type":"","background-media":"","overlay-type":"","overlay-color":"","overlay-opacity":"","overlay-gradient":""},"mobile":{"background-color":"","background-image":"","background-repeat":"repeat","background-position":"center center","background-size":"auto","background-attachment":"scroll","background-type":"","background-media":"","overlay-type":"","overlay-color":"","overlay-opacity":"","overlay-gradient":""}},"ast-content-background-meta":{"desktop":{"background-color":"var(--ast-global-color-5)","background-image":"","background-repeat":"repeat","background-position":"center center","background-size":"auto","background-attachment":"scroll","background-type":"","background-media":"","overlay-type":"","overlay-color":"","overlay-opacity":"","overlay-gradient":""},"tablet":{"background-color":"var(--ast-global-color-5)","background-image":"","background-repeat":"repeat","background-position":"center center","background-size":"auto","background-attachment":"scroll","background-type":"","background-media":"","overlay-type":"","overlay-color":"","overlay-opacity":"","overlay-gradient":""},"mobile":{"background-color":"var(--ast-global-color-5)","background-image":"","background-repeat":"repeat","background-position":"center center","background-size":"auto","background-attachment":"scroll","background-type":"","background-media":"","overlay-type":"","overlay-color":"","overlay-opacity":"","overlay-gradient":""}},"footnotes":""},"class_list":["post-1234","page","type-page","status-publish","hentry"],"yoast_head":"<!-- This site is optimized with the Yoast SEO plugin v24.0 - https:\/\/yoast.com\/wordpress\/plugins\/seo\/ -->\n<title>Industriosos| \u00bfPor qu\u00e9 hacer investigaci\u00f3n desde un museo?<\/title>\n<meta name=\"description\" content=\"Se trata de crear y\/o fortalecer las relaciones con su entorno e incluso medir el impacto que los mismos tienen en la sociedad.\" \/>\n<meta name=\"robots\" content=\"index, follow, max-snippet:-1, max-image-preview:large, max-video-preview:-1\" \/>\n<link rel=\"canonical\" href=\"https:\/\/industriosos.com\/index.php\/por-que-hacer-investigacion-desde-un-museo\/\" \/>\n<meta property=\"og:locale\" content=\"es_ES\" \/>\n<meta property=\"og:type\" content=\"article\" \/>\n<meta property=\"og:title\" content=\"Industriosos| \u00bfPor qu\u00e9 hacer investigaci\u00f3n desde un museo?\" \/>\n<meta property=\"og:description\" content=\"Se trata de crear y\/o fortalecer las relaciones con su entorno e incluso medir el impacto que los mismos tienen en la sociedad.\" \/>\n<meta property=\"og:url\" content=\"https:\/\/industriosos.com\/index.php\/por-que-hacer-investigacion-desde-un-museo\/\" \/>\n<meta property=\"article:publisher\" content=\"https:\/\/www.facebook.com\/p\/Industriosos-61555850965002\/?fref=mentions&amp;paipv=0&amp;eav=Afb8Tq6p8b1qCWCh9_m_3XsSD066aquOeICFtDWtKTTAQ7I-iL16FaoSF_xysG-J76c&amp;_rdr\" \/>\n<meta property=\"article:modified_time\" content=\"2024-09-20T00:59:53+00:00\" \/>\n<meta name=\"twitter:card\" content=\"summary_large_image\" \/>\n<meta name=\"twitter:label1\" content=\"Tiempo de lectura\" \/>\n\t<meta name=\"twitter:data1\" content=\"5 minutos\" \/>\n<script type=\"application\/ld+json\" class=\"yoast-schema-graph\">{\"@context\":\"https:\/\/schema.org\",\"@graph\":[{\"@type\":\"WebPage\",\"@id\":\"https:\/\/industriosos.com\/index.php\/por-que-hacer-investigacion-desde-un-museo\/\",\"url\":\"https:\/\/industriosos.com\/index.php\/por-que-hacer-investigacion-desde-un-museo\/\",\"name\":\"Industriosos| \u00bfPor qu\u00e9 hacer investigaci\u00f3n desde un museo?\",\"isPartOf\":{\"@id\":\"https:\/\/industriosos.com\/#website\"},\"datePublished\":\"2021-09-16T20:50:18+00:00\",\"dateModified\":\"2024-09-20T00:59:53+00:00\",\"description\":\"Se trata de crear y\/o fortalecer las relaciones con su entorno e incluso medir el impacto que los mismos tienen en la sociedad.\",\"breadcrumb\":{\"@id\":\"https:\/\/industriosos.com\/index.php\/por-que-hacer-investigacion-desde-un-museo\/#breadcrumb\"},\"inLanguage\":\"es-CO\",\"potentialAction\":[{\"@type\":\"ReadAction\",\"target\":[\"https:\/\/industriosos.com\/index.php\/por-que-hacer-investigacion-desde-un-museo\/\"]}]},{\"@type\":\"BreadcrumbList\",\"@id\":\"https:\/\/industriosos.com\/index.php\/por-que-hacer-investigacion-desde-un-museo\/#breadcrumb\",\"itemListElement\":[{\"@type\":\"ListItem\",\"position\":1,\"name\":\"Inicio\",\"item\":\"https:\/\/industriosos.com\/\"},{\"@type\":\"ListItem\",\"position\":2,\"name\":\"\u00bfPor qu\u00e9 hacer investigaci\u00f3n desde un museo?\"}]},{\"@type\":\"WebSite\",\"@id\":\"https:\/\/industriosos.com\/#website\",\"url\":\"https:\/\/industriosos.com\/\",\"name\":\"Industriosos\",\"description\":\"\",\"publisher\":{\"@id\":\"https:\/\/industriosos.com\/#organization\"},\"potentialAction\":[{\"@type\":\"SearchAction\",\"target\":{\"@type\":\"EntryPoint\",\"urlTemplate\":\"https:\/\/industriosos.com\/?s={search_term_string}\"},\"query-input\":{\"@type\":\"PropertyValueSpecification\",\"valueRequired\":true,\"valueName\":\"search_term_string\"}}],\"inLanguage\":\"es-CO\"},{\"@type\":\"Organization\",\"@id\":\"https:\/\/industriosos.com\/#organization\",\"name\":\"Industriosos\",\"url\":\"https:\/\/industriosos.com\/\",\"logo\":{\"@type\":\"ImageObject\",\"inLanguage\":\"es-CO\",\"@id\":\"https:\/\/industriosos.com\/#\/schema\/logo\/image\/\",\"url\":\"https:\/\/industriosos.com\/wp-content\/uploads\/2024\/10\/cropped-logo-industriosos-Color-300.png\",\"contentUrl\":\"https:\/\/industriosos.com\/wp-content\/uploads\/2024\/10\/cropped-logo-industriosos-Color-300.png\",\"width\":300,\"height\":100,\"caption\":\"Industriosos\"},\"image\":{\"@id\":\"https:\/\/industriosos.com\/#\/schema\/logo\/image\/\"},\"sameAs\":[\"https:\/\/www.facebook.com\/p\/Industriosos-61555850965002\/?fref=mentions&paipv=0&eav=Afb8Tq6p8b1qCWCh9_m_3XsSD066aquOeICFtDWtKTTAQ7I-iL16FaoSF_xysG-J76c&_rdr\",\"https:\/\/www.instagram.com\/industriosos\"]}]}<\/script>\n<!-- \/ Yoast SEO plugin. -->","yoast_head_json":{"title":"Industriosos| \u00bfPor qu\u00e9 hacer investigaci\u00f3n desde un museo?","description":"Se trata de crear y\/o fortalecer las relaciones con su entorno e incluso medir el impacto que los mismos tienen en la sociedad.","robots":{"index":"index","follow":"follow","max-snippet":"max-snippet:-1","max-image-preview":"max-image-preview:large","max-video-preview":"max-video-preview:-1"},"canonical":"https:\/\/industriosos.com\/index.php\/por-que-hacer-investigacion-desde-un-museo\/","og_locale":"es_ES","og_type":"article","og_title":"Industriosos| \u00bfPor qu\u00e9 hacer investigaci\u00f3n desde un museo?","og_description":"Se trata de crear y\/o fortalecer las relaciones con su entorno e incluso medir el impacto que los mismos tienen en la sociedad.","og_url":"https:\/\/industriosos.com\/index.php\/por-que-hacer-investigacion-desde-un-museo\/","article_publisher":"https:\/\/www.facebook.com\/p\/Industriosos-61555850965002\/?fref=mentions&paipv=0&eav=Afb8Tq6p8b1qCWCh9_m_3XsSD066aquOeICFtDWtKTTAQ7I-iL16FaoSF_xysG-J76c&_rdr","article_modified_time":"2024-09-20T00:59:53+00:00","twitter_card":"summary_large_image","twitter_misc":{"Tiempo de lectura":"5 minutos"},"schema":{"@context":"https:\/\/schema.org","@graph":[{"@type":"WebPage","@id":"https:\/\/industriosos.com\/index.php\/por-que-hacer-investigacion-desde-un-museo\/","url":"https:\/\/industriosos.com\/index.php\/por-que-hacer-investigacion-desde-un-museo\/","name":"Industriosos| \u00bfPor qu\u00e9 hacer investigaci\u00f3n desde un museo?","isPartOf":{"@id":"https:\/\/industriosos.com\/#website"},"datePublished":"2021-09-16T20:50:18+00:00","dateModified":"2024-09-20T00:59:53+00:00","description":"Se trata de crear y\/o fortalecer las relaciones con su entorno e incluso medir el impacto que los mismos tienen en la sociedad.","breadcrumb":{"@id":"https:\/\/industriosos.com\/index.php\/por-que-hacer-investigacion-desde-un-museo\/#breadcrumb"},"inLanguage":"es-CO","potentialAction":[{"@type":"ReadAction","target":["https:\/\/industriosos.com\/index.php\/por-que-hacer-investigacion-desde-un-museo\/"]}]},{"@type":"BreadcrumbList","@id":"https:\/\/industriosos.com\/index.php\/por-que-hacer-investigacion-desde-un-museo\/#breadcrumb","itemListElement":[{"@type":"ListItem","position":1,"name":"Inicio","item":"https:\/\/industriosos.com\/"},{"@type":"ListItem","position":2,"name":"\u00bfPor qu\u00e9 hacer investigaci\u00f3n desde un museo?"}]},{"@type":"WebSite","@id":"https:\/\/industriosos.com\/#website","url":"https:\/\/industriosos.com\/","name":"Industriosos","description":"","publisher":{"@id":"https:\/\/industriosos.com\/#organization"},"potentialAction":[{"@type":"SearchAction","target":{"@type":"EntryPoint","urlTemplate":"https:\/\/industriosos.com\/?s={search_term_string}"},"query-input":{"@type":"PropertyValueSpecification","valueRequired":true,"valueName":"search_term_string"}}],"inLanguage":"es-CO"},{"@type":"Organization","@id":"https:\/\/industriosos.com\/#organization","name":"Industriosos","url":"https:\/\/industriosos.com\/","logo":{"@type":"ImageObject","inLanguage":"es-CO","@id":"https:\/\/industriosos.com\/#\/schema\/logo\/image\/","url":"https:\/\/industriosos.com\/wp-content\/uploads\/2024\/10\/cropped-logo-industriosos-Color-300.png","contentUrl":"https:\/\/industriosos.com\/wp-content\/uploads\/2024\/10\/cropped-logo-industriosos-Color-300.png","width":300,"height":100,"caption":"Industriosos"},"image":{"@id":"https:\/\/industriosos.com\/#\/schema\/logo\/image\/"},"sameAs":["https:\/\/www.facebook.com\/p\/Industriosos-61555850965002\/?fref=mentions&paipv=0&eav=Afb8Tq6p8b1qCWCh9_m_3XsSD066aquOeICFtDWtKTTAQ7I-iL16FaoSF_xysG-J76c&_rdr","https:\/\/www.instagram.com\/industriosos"]}]}},"_links":{"self":[{"href":"https:\/\/industriosos.com\/index.php\/wp-json\/wp\/v2\/pages\/1234","targetHints":{"allow":["GET"]}}],"collection":[{"href":"https:\/\/industriosos.com\/index.php\/wp-json\/wp\/v2\/pages"}],"about":[{"href":"https:\/\/industriosos.com\/index.php\/wp-json\/wp\/v2\/types\/page"}],"author":[{"embeddable":true,"href":"https:\/\/industriosos.com\/index.php\/wp-json\/wp\/v2\/users\/2"}],"replies":[{"embeddable":true,"href":"https:\/\/industriosos.com\/index.php\/wp-json\/wp\/v2\/comments?post=1234"}],"version-history":[{"count":18,"href":"https:\/\/industriosos.com\/index.php\/wp-json\/wp\/v2\/pages\/1234\/revisions"}],"predecessor-version":[{"id":1518,"href":"https:\/\/industriosos.com\/index.php\/wp-json\/wp\/v2\/pages\/1234\/revisions\/1518"}],"wp:attachment":[{"href":"https:\/\/industriosos.com\/index.php\/wp-json\/wp\/v2\/media?parent=1234"}],"curies":[{"name":"wp","href":"https:\/\/api.w.org\/{rel}","templated":true}]}}